{"id":3367,"date":"2014-01-13T05:00:22","date_gmt":"2014-01-13T05:00:22","guid":{"rendered":"http:\/\/para.llel.us\/themes\/vellum-wp\/?page_id=3367"},"modified":"2019-11-12T08:28:02","modified_gmt":"2019-11-12T07:28:02","slug":"reportage-professionnel-mariages-spectacles-films-entreprise-montage-video","status":"publish","type":"page","link":"https:\/\/www.cameraservices.fr\/ca\/reportage-professionnel-mariages-spectacles-films-entreprise-montage-video","title":{"rendered":"REPORTATGES PROFESSIONALS I D&#8217;ESDEVENIMENTS"},"content":{"rendered":"<p>[vc_row bg_parallax=&#8221;true&#8221; css=&#8221;.vc_custom_1458204051995{padding-top: 150px !important;padding-bottom: 150px !important;background-image: url(http:\/\/www.cameraservices.fr\/wp-content\/uploads\/2013\/04\/Nos-activites-Installation56090a84ae93f.jpg?id=6303) !important;background-position: center !important;background-repeat: no-repeat !important;background-size: cover !important;}&#8221;][vc_column][vc_column_text]<\/p>\n<h1 style=\"text-align: center;\"><span style=\"color: #ffffff;\"><strong>REPORTATGES I EDICONS DE V\u00cdDEO PROFESSIONALS<\/strong><\/span><\/h1>\n<p>[\/vc_column_text][\/vc_column][\/vc_row][vc_row css=&#8221;.vc_custom_1465221375277{padding-top: 30px !important;padding-bottom: 30px !important;}&#8221;][vc_column][vc_column_text]<\/p>\n<h1 style=\"text-align: center;\"><span style=\"color: #333333;\"><strong>Reportatges de V\u00eddeo Professional<\/strong><\/span><\/h1>\n<h4 style=\"text-align: center;\"><span style=\"color: #333333;\">Films Empresarials, Espots Publicitaris,Teasers, Espectacles<\/span><span style=\"color: #333333;\">, Reportatges d&#8217;Informatius TV, Esdeveniments Esportius, Documentals&#8230;<\/span><\/h4>\n<h4 style=\"text-align: center;\"><span style=\"color: #333333;\">\u00a0<\/span><span style=\"color: #333333;\">A l&#8217;escolta del teu projecte estudiarem junts una realitzaci\u00f3 a mida i d&#8217;acord amb els teus objectius.<\/span><\/h4>\n<h4 style=\"text-align: center;\"><span style=\"color: #333333;\">Som tamb\u00e9 especialistes en la captaci\u00f3 de tota mena d&#8217;esdeveniments i posem els nostres coneixements al teu servei.<\/span><\/h4>\n<p>[\/vc_column_text][\/vc_column][\/vc_row][vc_row bg_parallax=&#8221;true&#8221; css=&#8221;.vc_custom_1465220849435{padding-top: 20px !important;padding-bottom: 20px !important;background-image: url(http:\/\/www.cameraservices.fr\/wp-content\/uploads\/2013\/04\/Nos-activites-Installation56090a84ae93f.jpg?id=6303) !important;background-position: center !important;background-repeat: no-repeat !important;background-size: cover !important;}&#8221;][vc_column][vc_column_text]<\/p>\n<h1 style=\"text-align: center;\"><span style=\"color: #ffffff;\"><strong>ALGUNES REFER\u00c8NCIES<\/strong><\/span><\/h1>\n<p>[\/vc_column_text][\/vc_column][\/vc_row][vc_row css=&#8221;.vc_custom_1465221385444{padding-top: 30px !important;padding-bottom: 30px !important;}&#8221;][vc_column][vc_column_text]<\/p>\n<h4><strong>Televisions<\/strong><\/h4>\n<p><img loading=\"lazy\" decoding=\"async\" class=\"aligncenter wp-image-6564\" src=\"http:\/\/www.cameraservices.fr\/wp-content\/uploads\/2013\/04\/TV.png\" alt=\"reportage professionnel t\u00e9l\u00e9vision\" width=\"1280\" height=\"100\" \/><\/p>\n<h4><strong>Empreses<\/strong><\/h4>\n<p><img loading=\"lazy\" decoding=\"async\" class=\"aligncenter size-full wp-image-6562\" src=\"http:\/\/www.cameraservices.fr\/wp-content\/uploads\/2013\/04\/entreprises.png\" alt=\"entreprises\" width=\"5700\" height=\"500\" \/><\/p>\n<h4><strong>Administracions<\/strong><\/h4>\n<p><img loading=\"lazy\" decoding=\"async\" class=\"aligncenter wp-image-6561\" src=\"http:\/\/www.cameraservices.fr\/wp-content\/uploads\/2013\/04\/Administration.png\" alt=\"Administration\" width=\"750\" height=\"167\" \/><\/p>\n<h4><strong>Medicina<\/strong><\/h4>\n<p><img loading=\"lazy\" decoding=\"async\" class=\"aligncenter wp-image-6563\" src=\"http:\/\/www.cameraservices.fr\/wp-content\/uploads\/2013\/04\/med.png\" alt=\"med\" width=\"791\" height=\"158\" \/><\/p>\n<h4><strong>Desenvolupament<\/strong><\/h4>\n<p><a href=\"http:\/\/copifilm-dip.com\/xxx\/?lang=ca\" rel=\"attachment wp-att-6805\"><img loading=\"lazy\" decoding=\"async\" class=\"aligncenter size-large wp-image-6805\" src=\"http:\/\/www.cameraservices.fr\/wp-content\/uploads\/2013\/04\/logo-copifilmbanner-1024x205.png\" alt=\"logo copifilmbanner\" width=\"888\" height=\"178\" srcset=\"https:\/\/www.cameraservices.fr\/wp-content\/uploads\/2013\/04\/logo-copifilmbanner-1024x205.png 1024w, https:\/\/www.cameraservices.fr\/wp-content\/uploads\/2013\/04\/logo-copifilmbanner-300x60.png 300w, https:\/\/www.cameraservices.fr\/wp-content\/uploads\/2013\/04\/logo-copifilmbanner-768x153.png 768w, https:\/\/www.cameraservices.fr\/wp-content\/uploads\/2013\/04\/logo-copifilmbanner-1200x240.png 1200w\" sizes=\"auto, (max-width: 888px) 100vw, 888px\" \/><\/a><\/p>\n<h5 style=\"text-align: center;\"><a href=\"http:\/\/copifilm-dip.com\/xxx\/?lang=ca\" target=\"_blank\" rel=\"noopener noreferrer\">En col. laboraci\u00f3 amb copiFILM<span style=\"font-size: xx-small;\">&amp;<\/span>DIP investiguem t\u00e8cniques per millorar les prestacions de digitalitzaci\u00f3 d&#8217;imatges.<\/a><\/h5>\n<p>[\/vc_column_text][\/vc_column][\/vc_row][vc_row bg_parallax=&#8221;true&#8221; css=&#8221;.vc_custom_1465220849435{padding-top: 20px !important;padding-bottom: 20px !important;background-image: url(http:\/\/www.cameraservices.fr\/wp-content\/uploads\/2013\/04\/Nos-activites-Installation56090a84ae93f.jpg?id=6303) !important;background-position: center !important;background-repeat: no-repeat !important;background-size: cover !important;}&#8221;][vc_column][vc_column_text]<\/p>\n<h1 style=\"text-align: center;\"><span style=\"color: #ffffff;\"><strong>QUI SOM ?<\/strong><\/span><\/h1>\n<p>[\/vc_column_text][\/vc_column][\/vc_row][vc_row css=&#8221;.vc_custom_1465221399636{padding-top: 30px !important;padding-bottom: 30px !important;}&#8221;][vc_column][vc_column_text]<\/p>\n<h4 style=\"text-align: center;\"><strong>Des dels\u00a0seus\u00a0inicis la marca Cam\u00e9ra Services continua aportant la seva experi\u00e8ncia\u00a0i\u00a0treball en reportatges, clips i espots publicitaris<\/strong><\/h4>\n<h4 style=\"text-align: center;\"><strong>per a empreses i institucions,\u00a0aix\u00ed com la\u00a0realitzaci\u00f3 de documentals i temes d&#8217;informatius\u00a0per a canals de\u00a0TV.<\/strong><\/h4>\n<h4 style=\"text-align: center;\"><strong>Tens\u00a0un projecte de v\u00eddeo ? Estem a la\u00a0leva\u00a0disposici\u00f3 per realitzar-lo.<\/strong><\/h4>\n<p>[\/vc_column_text][\/vc_column][\/vc_row][vc_row][vc_column][vc_btn title=&#8221;Localitza&#8217;ns&#8221; style=&#8221;3d&#8221; color=&#8221;inverse&#8221; size=&#8221;lg&#8221; align=&#8221;center&#8221; link=&#8221;url:http%3A%2F%2Fwww.cameraservices.fr%2Fsample-pages%2Fcontact-us||&#8221; css=&#8221;.vc_custom_1484824921546{padding-top: 30px !important;}&#8221;][\/vc_column][\/vc_row][vc_row][vc_column]\n<div class=\"wpcf7 no-js\" id=\"wpcf7-f6316-o2\" lang=\"fr-FR\" dir=\"ltr\" data-wpcf7-id=\"6316\">\n<div class=\"screen-reader-response\"><p role=\"status\" aria-live=\"polite\" aria-atomic=\"true\"><\/p> <ul><\/ul><\/div>\n<form action=\"\/ca\/wp-json\/wp\/v2\/pages\/3367#wpcf7-f6316-o2\" method=\"post\" class=\"wpcf7-form init\" aria-label=\"Formulaire de contact\" novalidate=\"novalidate\" data-status=\"init\">\n<fieldset class=\"hidden-fields-container\"><input type=\"hidden\" name=\"_wpcf7\" value=\"6316\" \/><input type=\"hidden\" name=\"_wpcf7_version\" value=\"6.1.5\" \/><input type=\"hidden\" name=\"_wpcf7_locale\" value=\"fr_FR\" \/><input type=\"hidden\" name=\"_wpcf7_unit_tag\" value=\"wpcf7-f6316-o2\" \/><input type=\"hidden\" name=\"_wpcf7_container_post\" value=\"0\" \/><input type=\"hidden\" name=\"_wpcf7_posted_data_hash\" value=\"\" \/>\n<\/fieldset>\n<p>Cognom (obligatori)\n<\/p>\n<p><span class=\"wpcf7-form-control-wrap\" data-name=\"your-name\"><input size=\"40\" maxlength=\"400\" class=\"wpcf7-form-control wpcf7-text wpcf7-validates-as-required\" aria-required=\"true\" aria-invalid=\"false\" value=\"\" type=\"text\" name=\"your-name\" \/><\/span>\n<\/p>\n<p>Mail (obligatori)\n<\/p>\n<p><span class=\"wpcf7-form-control-wrap\" data-name=\"your-email\"><input size=\"40\" maxlength=\"400\" class=\"wpcf7-form-control wpcf7-email wpcf7-validates-as-required wpcf7-text wpcf7-validates-as-email\" aria-required=\"true\" aria-invalid=\"false\" value=\"\" type=\"email\" name=\"your-email\" \/><\/span>\n<\/p>\n<p>Tema\n<\/p>\n<p><span class=\"wpcf7-form-control-wrap\" data-name=\"your-subject\"><input size=\"40\" maxlength=\"400\" class=\"wpcf7-form-control wpcf7-text\" aria-invalid=\"false\" value=\"\" type=\"text\" name=\"your-subject\" \/><\/span>\n<\/p>\n<p>Missatge\n<\/p>\n<p><span class=\"wpcf7-form-control-wrap\" data-name=\"your-message\"><textarea cols=\"40\" rows=\"10\" maxlength=\"2000\" class=\"wpcf7-form-control wpcf7-textarea\" aria-invalid=\"false\" name=\"your-message\"><\/textarea><\/span>\n<\/p>\n<div id=\"mosparo-box-69fb3781daa56\"><\/div>\n            <script>\n                \n            if (typeof mosparoInstances === \"undefined\") {\n                var mosparoInstances = [];\n            }\n            \n            (function () {\n                let scriptEl = null;\n                if (typeof mosparo === \"undefined\") {\n                    scriptEl = document.createElement(\"script\");\n                    scriptEl.setAttribute(\"src\", \"https:\/\/mosparo.mediastack.fr\/build\/mosparo-frontend.js\");\n                    document.body.appendChild(scriptEl);\n                }\n                \n                let initializeMosparo = function (ev) {\n                    let id = \"mosparo-box-69fb3781daa56\";\n                    if (typeof mosparoInstances[id] !== \"undefined\") {\n                        return;\n                    }\n                    \n                    let mosparoFieldEl = document.getElementById(id);\n                    if (!mosparoFieldEl) {\n                        return;\n                    }\n                    \n                    let formEl = null;\n                    let el = mosparoFieldEl;\n                    while ((el = el.parentNode) && el !== document) {\n                        if (el.matches(\"form\")) {\n                            formEl = el;\n                            break;\n                        }\n                    }\n                \n                    let options = {\"loadCssResource\":true,\"cssResourceUrl\":\"https:\\\/\\\/mosparo.mediastack.fr\\\/resources\\\/7a3d721e-c71e-4f0a-9c5b-e8b3dbca032f\\\/fed262a05f1c65fc3aa7b90f42f5377ba92073f4c1405d209da1f9bd7320cbba.css\"};\n                    let resetMosparoField = function () {\n                        if (!mosparoInstances[id]) {\n                            return;\n                        }\n                        \n                        mosparoInstances[id].resetState();\n                        mosparoInstances[id].requestSubmitToken();\n                    };\n                    \n                    \n                    let wpcf7FormEl = null;\n                    let parentEl = mosparoFieldEl;\n                    while ((parentEl = parentEl.parentNode) && parentEl !== document) {\n                        if (parentEl.matches(\".wpcf7-form\")) {\n                            wpcf7FormEl = parentEl;\n                            break;\n                        }\n                    }\n                    \n                    if (typeof wpcf7 !== \"undefined\" && wpcf7FormEl !== null) {\n                        options.onSwitchToInvisible = function () {\n                            wpcf7.blocked = true;\n                            wpcf7FormEl.classList.add(\"wpcf7__mosparo__invisible\");\n                        };\n                        options.onCheckForm = function (result) {\n                            if (result && mosparoInstances[id].invisible) {\n                                wpcf7.blocked = false;\n                            }\n                        };\n                        \n                        if (typeof wpcf7.cached !== \"undefined\" && wpcf7.cached) {\n                            options.requestSubmitTokenOnInit = false;\n                        }\n                        \n                        wpcf7FormEl.addEventListener(\"wpcf7invalid\", function () {\n                            if (mosparoInstances[id].invisible) {\n                                wpcf7.blocked = true;\n                            }\n                            \n                            resetMosparoField();\n                        });\n                        \n                        wpcf7FormEl.addEventListener(\"wpcf7spam\", function () {\n                            if (mosparoInstances[id].invisible) {\n                                wpcf7.blocked = true;\n                            }\n                                \n                            resetMosparoField();\n                        });\n                        \n                        \/\/ Add the required logic for other wpcf7 forms without mosparo in it.\n                        document.querySelectorAll(\".wpcf7-form\").forEach(function (form) {\n                            form.addEventListener(\"submit\", function () {\n                                if (wpcf7.blocked && form.querySelectorAll(\".mosparo__container\").length === 0) {\n                                    \/\/ If this form does not contain a mosparo field, unblock the form and submit it again.\n                                    wpcf7.blocked = false; \n                                    \n                                    if (form.querySelector(\".wpcf7-submit\")) {\n                                        form.querySelector(\".wpcf7-submit\").click();\n                                    } else {\n                                        form.submit();\n                                    }\n                                }\n                            });\n                            form.addEventListener(\"wpcf7submit\", function () {\n                                if (document.querySelectorAll(\".wpcf7__mosparo__invisible\").length > 0) {\n                                    \/\/ If we have at least one form with the invisible mosparo mode, we need to block it again.\n                                    wpcf7.blocked = true;\n                                }\n                            });\n                        });\n                    }\n                \n                    \n                    mosparoInstances[id] = new mosparo(id, \"https:\/\/mosparo.mediastack.fr\", \"7a3d721e-c71e-4f0a-9c5b-e8b3dbca032f\", \"1qZWLrAmeVMLi1Pv-ScTEoRF4PUTTsfzmFcgYr_SZAM\", options);\n                };\n                \n                if (scriptEl !== null) {\n                    scriptEl.addEventListener(\"load\", function () {\n                        initializeMosparo();\n                    });\n                } else if (document.readyState !== \"loading\") {\n                    initializeMosparo();\n                } else {\n                    document.addEventListener(\"DOMContentLoaded\", initializeMosparo);\n                }\n                document.addEventListener(\"mosparo_integration_initialize_fields\", initializeMosparo);\n                \n                \n            })();\n            <\/script>\n<\/p>\n<p><input class=\"wpcf7-form-control wpcf7-submit has-spinner\" type=\"submit\" value=\"Enviar\" \/>\n<\/p><div class=\"wpcf7-response-output\" aria-hidden=\"true\"><\/div>\n<\/form>\n<\/div>\n[\/vc_column][\/vc_row]<\/p>","protected":false},"excerpt":{"rendered":"<p>[vc_row bg_parallax=&#8221;true&#8221; css=&#8221;.vc_custom_1458204051995{padding-top: 150px !important;padding-bottom: 150px !important;background-image: url(http:\/\/www.cameraservices.fr\/wp-content\/uploads\/2013\/04\/Nos-activites-Installation56090a84ae93f.jpg?id=6303) !important;background-position: center !important;background-repeat: no-repeat !important;background-size: cover !important;}&#8221;][vc_column][vc_column_text] REPORTATGES I EDICONS DE V\u00cdDEO PROFESSIONALS [\/vc_column_text][\/vc_column][\/vc_row][vc_row css=&#8221;.vc_custom_1465221375277{padding-top: 30px !important;padding-bottom: 30px !important;}&#8221;][vc_column][vc_column_text] Reportatges de V\u00eddeo Professional Films Empresarials, Espots Publicitaris,Teasers, Espectacles, Reportatges d&#8217;Informatius TV, Esdeveniments Esportius, Documentals&#8230; \u00a0A l&#8217;escolta del teu projecte estudiarem junts una realitzaci\u00f3 a mida i d&#8217;acord amb els teus objectius. Som tamb\u00e9 especialistes en la captaci\u00f3 de tota mena d&#8217;esdeveniments i posem els nostres coneixements al teu servei. [\/vc_column_text][\/vc_column][\/vc_row][vc_row bg_parallax=&#8221;true&#8221; css=&#8221;.vc_custom_1465220849435{padding-top: 20px !important;padding-bottom: 20px !important;background-image: url(http:\/\/www.cameraservices.fr\/wp-content\/uploads\/2013\/04\/Nos-activites-Installation56090a84ae93f.jpg?id=6303) !important;background-position: center !important;background-repeat: no-repeat !important;background-size: cover !important;}&#8221;][vc_column][vc_column_text] ALGUNES REFER\u00c8NCIES [\/vc_column_text][\/vc_column][\/vc_row][vc_row css=&#8221;.vc_custom_1465221385444{padding-top: 30px !important;padding-bottom: 30px !important;}&#8221;][vc_column][vc_column_text] Televisions Empreses Administracions Medicina Desenvolupament En col. laboraci\u00f3 amb copiFILM&amp;DIP investiguem t\u00e8cniques per millorar les prestacions de digitalitzaci\u00f3 d&#8217;imatges. [\/vc_column_text][\/vc_column][\/vc_row][vc_row bg_parallax=&#8221;true&#8221; css=&#8221;.vc_custom_1465220849435{padding-top: 20px !important;padding-bottom: 20px !important;background-image: url(http:\/\/www.cameraservices.fr\/wp-content\/uploads\/2013\/04\/Nos-activites-Installation56090a84ae93f.jpg?id=6303) !important;background-position: center !important;background-repeat: no-repeat !important;background-size: cover !important;}&#8221;][vc_column][vc_column_text] QUI SOM ? [\/vc_column_text][\/vc_column][\/vc_row][vc_row css=&#8221;.vc_custom_1465221399636{padding-top: 30px !important;padding-bottom: 30px !important;}&#8221;][vc_column][vc_column_text] Des dels\u00a0seus\u00a0inicis la marca Cam\u00e9ra Services continua aportant la seva experi\u00e8ncia\u00a0i\u00a0treball en reportatges, clips i espots publicitaris per a empreses i institucions,\u00a0aix\u00ed com la\u00a0realitzaci\u00f3 de documentals i temes d&#8217;informatius\u00a0per a canals de\u00a0TV. Tens\u00a0un projecte de v\u00eddeo ? Estem a la\u00a0leva\u00a0disposici\u00f3 per realitzar-lo. [\/vc_column_text][\/vc_column][\/vc_row][vc_row][vc_column][vc_btn title=&#8221;Localitza&#8217;ns&#8221; style=&#8221;3d&#8221; color=&#8221;inverse&#8221; size=&#8221;lg&#8221; align=&#8221;center&#8221; link=&#8221;url:http%3A%2F%2Fwww.cameraservices.fr%2Fsample-pages%2Fcontact-us||&#8221; css=&#8221;.vc_custom_1484824921546{padding-top: 30px !important;}&#8221;][\/vc_column][\/vc_row][vc_row][vc_column][\/vc_column][\/vc_row]<\/p>\n","protected":false},"author":1,"featured_media":0,"parent":0,"menu_order":19,"comment_status":"closed","ping_status":"closed","template":"","meta":{"footnotes":""},"class_list":["post-3367","page","type-page","status-publish","hentry"],"aioseo_notices":[],"_links":{"self":[{"href":"https:\/\/www.cameraservices.fr\/ca\/wp-json\/wp\/v2\/pages\/3367","targetHints":{"allow":["GET"]}}],"collection":[{"href":"https:\/\/www.cameraservices.fr\/ca\/wp-json\/wp\/v2\/pages"}],"about":[{"href":"https:\/\/www.cameraservices.fr\/ca\/wp-json\/wp\/v2\/types\/page"}],"author":[{"embeddable":true,"href":"https:\/\/www.cameraservices.fr\/ca\/wp-json\/wp\/v2\/users\/1"}],"replies":[{"embeddable":true,"href":"https:\/\/www.cameraservices.fr\/ca\/wp-json\/wp\/v2\/comments?post=3367"}],"version-history":[{"count":2,"href":"https:\/\/www.cameraservices.fr\/ca\/wp-json\/wp\/v2\/pages\/3367\/revisions"}],"predecessor-version":[{"id":7421,"href":"https:\/\/www.cameraservices.fr\/ca\/wp-json\/wp\/v2\/pages\/3367\/revisions\/7421"}],"wp:attachment":[{"href":"https:\/\/www.cameraservices.fr\/ca\/wp-json\/wp\/v2\/media?parent=3367"}],"curies":[{"name":"wp","href":"https:\/\/api.w.org\/{rel}","templated":true}]}}