{"id":6337,"date":"2016-03-01T17:54:47","date_gmt":"2016-03-01T16:54:47","guid":{"rendered":"http:\/\/www.cameraservices.fr\/?page_id=6337"},"modified":"2017-03-04T14:04:23","modified_gmt":"2017-03-04T13:04:23","slug":"transfert-films-cinema","status":"publish","type":"page","link":"https:\/\/www.cameraservices.fr\/ca\/transfert-films-cinema","title":{"rendered":"TRANSFER\u00c8NCIES DE PEL\u00b7L\u00cdCULES DE CINEMA"},"content":{"rendered":"<p>[vc_row bg_parallax=&#8221;true&#8221; css=&#8221;.vc_custom_1464942594508{padding-top: 150px !important;padding-bottom: 150px !important;background-image: url(http:\/\/www.cameraservices.fr\/wp-content\/uploads\/2016\/02\/ALTBWLIGHT-Copier.jpg?id=6255) !important;background-position: center !important;background-repeat: no-repeat !important;background-size: cover !important;}&#8221;][vc_column][vc_column_text]<\/p>\n<h1 style=\"text-align: center;\"><span style=\"color: #ffffff;\"><strong>TRANSFER\u00c8NCIES DE BOBINES CINEMA<\/strong><\/span><\/h1>\n<p>[\/vc_column_text][\/vc_column][\/vc_row][vc_row css=&#8221;.vc_custom_1458120409625{padding-top: 50px !important;padding-bottom: 50px !important;}&#8221;][vc_column][vc_column_text]<\/p>\n<h1 style=\"text-align: center;\"><strong><span style=\"color: #000000;\">Digitalitza en DVD, Blu-ray o Llapis de mem\u00f2ria les\u00a0teves\u00a0antigues pel\u00b7l\u00edcules de cinema !<\/span><\/strong><\/h1>\n<h3 style=\"text-align: center;\"><span style=\"color: #333333;\">S\u00faper 8 \/ 8mm \/ 9,5mm \/ 16mm &#8230;<\/span><\/h3>\n<h2 style=\"text-align: center;\">Amb Cam\u00e9ra Services \u00e9s molt senzill, tornem a donar vida als teus records<\/h2>\n<h2 style=\"text-align: center;\"><span style=\"color: #333333;\">\u00a0i gaudeix amb la Fam\u00edlia i\u00a0Amics d&#8217;aquells moments memorables !\u00a0<\/span><\/h2>\n<p>[\/vc_column_text][\/vc_column][\/vc_row][vc_row bg_parallax=&#8221;true&#8221; css=&#8221;.vc_custom_1464942573251{padding-top: 10px !important;padding-bottom: 10px !important;background-image: url(http:\/\/www.cameraservices.fr\/wp-content\/uploads\/2016\/02\/ALTBWLIGHT-Copier.jpg?id=6255) !important;background-position: center !important;background-repeat: no-repeat !important;background-size: cover !important;}&#8221;][vc_column][vc_column_text]<\/p>\n<h1 style=\"text-align: center;\"><span style=\"color: #ffffff;\"><strong>TARIFES TRANSFER\u00c8NCIES DE PEL\u00b7L\u00cdCULES DE CINEMA<\/strong><\/span><\/h1>\n<p>[\/vc_column_text][\/vc_column][\/vc_row][vc_row css=&#8221;.vc_custom_1459948303221{padding-top: 10px !important;padding-left: 0px !important;}&#8221;][vc_column][vc_column_text]<\/p>\n<h3 style=\"text-align: center;\"><\/h3>\n<h3 style=\"text-align: center;\"><strong>Films S\u00faper 8<img loading=\"lazy\" decoding=\"async\" class=\"aligncenter size-large wp-image-7350\" src=\"http:\/\/www.cameraservices.fr\/wp-content\/uploads\/2016\/04\/super8-2-1024x211.png\" alt=\"super8\" width=\"888\" height=\"183\" srcset=\"https:\/\/www.cameraservices.fr\/wp-content\/uploads\/2016\/04\/super8-2-1024x211.png 1024w, https:\/\/www.cameraservices.fr\/wp-content\/uploads\/2016\/04\/super8-2-300x62.png 300w, https:\/\/www.cameraservices.fr\/wp-content\/uploads\/2016\/04\/super8-2-768x158.png 768w, https:\/\/www.cameraservices.fr\/wp-content\/uploads\/2016\/04\/super8-2-1200x248.png 1200w, https:\/\/www.cameraservices.fr\/wp-content\/uploads\/2016\/04\/super8-2.png 1949w\" sizes=\"auto, (max-width: 888px) 100vw, 888px\" \/><\/strong><\/h3>\n<p>&nbsp;<\/p>\n<h3 style=\"text-align: center;\"><strong>Films\u00a08 mm<img loading=\"lazy\" decoding=\"async\" class=\"aligncenter size-large wp-image-7356\" src=\"http:\/\/www.cameraservices.fr\/wp-content\/uploads\/2016\/05\/8mm-2-1024x192.png\" alt=\"8mm\" width=\"888\" height=\"167\" srcset=\"https:\/\/www.cameraservices.fr\/wp-content\/uploads\/2016\/05\/8mm-2-1024x192.png 1024w, https:\/\/www.cameraservices.fr\/wp-content\/uploads\/2016\/05\/8mm-2-300x56.png 300w, https:\/\/www.cameraservices.fr\/wp-content\/uploads\/2016\/05\/8mm-2-768x144.png 768w, https:\/\/www.cameraservices.fr\/wp-content\/uploads\/2016\/05\/8mm-2-1200x225.png 1200w, https:\/\/www.cameraservices.fr\/wp-content\/uploads\/2016\/05\/8mm-2.png 1890w\" sizes=\"auto, (max-width: 888px) 100vw, 888px\" \/><\/strong><\/h3>\n<p>&nbsp;<\/p>\n<h3 style=\"text-align: center;\"><strong>Films 9,5 mm<img loading=\"lazy\" decoding=\"async\" class=\"aligncenter size-large wp-image-7347\" src=\"http:\/\/www.cameraservices.fr\/wp-content\/uploads\/2016\/05\/95mm-2-1024x192.png\" alt=\"9,5mm\" width=\"888\" height=\"167\" srcset=\"https:\/\/www.cameraservices.fr\/wp-content\/uploads\/2016\/05\/95mm-2-1024x192.png 1024w, https:\/\/www.cameraservices.fr\/wp-content\/uploads\/2016\/05\/95mm-2-300x56.png 300w, https:\/\/www.cameraservices.fr\/wp-content\/uploads\/2016\/05\/95mm-2-768x144.png 768w, https:\/\/www.cameraservices.fr\/wp-content\/uploads\/2016\/05\/95mm-2-1200x225.png 1200w, https:\/\/www.cameraservices.fr\/wp-content\/uploads\/2016\/05\/95mm-2.png 1890w\" sizes=\"auto, (max-width: 888px) 100vw, 888px\" \/><\/strong><\/h3>\n<p>&nbsp;<\/p>\n<h3 style=\"text-align: center;\"><strong>Films 16 mm<\/strong><\/h3>\n<p style=\"text-align: center;\"><strong><span style=\"color: #ff0000;\"><em><img loading=\"lazy\" decoding=\"async\" class=\"aligncenter size-large wp-image-7354\" src=\"http:\/\/www.cameraservices.fr\/wp-content\/uploads\/2016\/05\/16mm-1-1024x192.png\" alt=\"16mm\" width=\"888\" height=\"167\" srcset=\"https:\/\/www.cameraservices.fr\/wp-content\/uploads\/2016\/05\/16mm-1-1024x192.png 1024w, https:\/\/www.cameraservices.fr\/wp-content\/uploads\/2016\/05\/16mm-1-300x56.png 300w, https:\/\/www.cameraservices.fr\/wp-content\/uploads\/2016\/05\/16mm-1-768x144.png 768w, https:\/\/www.cameraservices.fr\/wp-content\/uploads\/2016\/05\/16mm-1-1200x225.png 1200w, https:\/\/www.cameraservices.fr\/wp-content\/uploads\/2016\/05\/16mm-1.png 1890w\" sizes=\"auto, (max-width: 888px) 100vw, 888px\" \/>Per m\u00e9s de 120 minuts digitalitzats descompte comercial aplicable: Consulta&#8217;ns &#8230;<img loading=\"lazy\" decoding=\"async\" class=\"aligncenter wp-image-7353\" src=\"http:\/\/www.cameraservices.fr\/wp-content\/uploads\/2016\/05\/16mmtransfert-1024x427.png\" alt=\"16mmtransfert\" width=\"655\" height=\"273\" srcset=\"https:\/\/www.cameraservices.fr\/wp-content\/uploads\/2016\/05\/16mmtransfert-1024x427.png 1024w, https:\/\/www.cameraservices.fr\/wp-content\/uploads\/2016\/05\/16mmtransfert-300x125.png 300w, https:\/\/www.cameraservices.fr\/wp-content\/uploads\/2016\/05\/16mmtransfert-768x320.png 768w, https:\/\/www.cameraservices.fr\/wp-content\/uploads\/2016\/05\/16mmtransfert-1200x500.png 1200w, https:\/\/www.cameraservices.fr\/wp-content\/uploads\/2016\/05\/16mmtransfert.png 1417w\" sizes=\"auto, (max-width: 655px) 100vw, 655px\" \/><\/em><\/span><\/strong><\/p>\n<p>[\/vc_column_text][\/vc_column][\/vc_row][vc_row css=&#8221;.vc_custom_1458125523611{padding-bottom: 30px !important;}&#8221;][vc_column][vc_column_text]<\/p>\n<p style=\"text-align: center;\"><span style=\"color: #999999;\"><em><strong>Entrega possible amb Llapis de mem\u00f2ria, Targeta, Disc dur o altres suports : Consulta&#8217;ns &#8230;<\/strong><\/em><\/span><\/p>\n<p>[\/vc_column_text][\/vc_column][\/vc_row][vc_row][vc_column][vc_message message_box_style=&#8221;3d&#8221; message_box_color=&#8221;grey&#8221; icon_fontawesome=&#8221;fa fa-check-square-o&#8221; css=&#8221;.vc_custom_1483547868388{border-bottom-width: 10px !important;padding-right: px !important;padding-bottom: px !important;background-position: center !important;background-repeat: no-repeat !important;background-size: contain !important;}&#8221;]<strong>Tarifa SD incloent-hi\u00a0<\/strong>: Neteja \/ Transfer\u00e8ncia \/ Encolatges si s&#8217;escau \/ 1 Suport de salvaguarda \/ 1 Gravaci\u00f3 DVD \u00a0 \u00a0 \u00a0 \u00a0 \u00a0 \u00a0 \u00a0 \u00a0 \u00a0 \u00a0 \u00a0 \u00a0 \u00a0 \u00a0 \u00a0 \u00a0 \u00a0 \u00a0 \u00a0 \u00a0 \u00a0 \u00a0 \u00a0 \u00a0 \u00a0 \u00a0 \u00a0 \u00a0 \u00a0 \u00a0 \u00a0 \u00a0 \u00a0 \u00a0 \u00a0 \u00a0 \u00a0 \u00a0 \u00a0 \u00a0 \u00a0 \u00a0 \u00a0 \u00a0 \u00a0 \u00a0 \u00a0 \u00a0 \u00a0 \u00a0 \u00a0 \u00a0 \u00a0 \u00a0 \u00a0 \u00a0 \u00a0 \u00a0 \u00a0 \u00a0\u00a0\u00a0 1 Men\u00fa b\u00e0sic de navegaci\u00f3 \/ 1 DVD v\u00eddeo de 4,7 GB \/ 1 Estoig DVD v\u00eddeo[\/vc_message][vc_message message_box_style=&#8221;3d&#8221; message_box_color=&#8221;grey&#8221; icon_fontawesome=&#8221;fa fa-check-square-o&#8221; css=&#8221;.vc_custom_1483548039447{border-bottom-width: 10px !important;padding-right: px !important;padding-bottom: px !important;background-position: center !important;background-repeat: no-repeat !important;background-size: contain !important;}&#8221;]<strong>Tarifa HD incloent-hi\u00a0\u00a0<\/strong>: Neteja \/ transfer\u00e8ncia \/ Encolatges si s&#8217;escau \/ 1 Suport de salvaguarda \/ 1 Gravaci\u00f3 Blu-ray \u00a0 \u00a0 \u00a0 \u00a0 \u00a0 \u00a0 \u00a0 \u00a0 \u00a0 \u00a0 \u00a0 \u00a0 \u00a0 \u00a0 \u00a0 \u00a0 \u00a0 \u00a0 \u00a0 \u00a0 \u00a0 \u00a0 \u00a0 \u00a0 \u00a0 \u00a0 \u00a0 \u00a0 \u00a0 \u00a0 \u00a0 \u00a0 \u00a0 \u00a0 \u00a0 \u00a0 \u00a0 \u00a0 \u00a0 \u00a0 \u00a0 \u00a0 \u00a0 \u00a0 \u00a0 \u00a0 \u00a0 \u00a0 \u00a0 \u00a0 \u00a0 \u00a0 \u00a0 \u00a0 \u00a0 \u00a0 \u00a0 \u00a0 \u00a0 \u00a0 1 Men\u00fa de navegaci\u00f3 b\u00e0sica \/ 1 Blu-ray 25 GB \/ 1 Estoig Blu-ray v\u00eddeo[\/vc_message][\/vc_column][\/vc_row][vc_row bg_parallax=&#8221;true&#8221;][vc_column][vc_btn title=&#8221;Contacta&#8217;ns&#8221; style=&#8221;3d&#8221; color=&#8221;inverse&#8221; size=&#8221;lg&#8221; align=&#8221;center&#8221; link=&#8221;url:http%3A%2F%2Fwww.cameraservices.fr%2Fsample-pages%2Fcontact-us|title:Contactez-nous|&#8221;][\/vc_column][\/vc_row][vc_row bg_parallax=&#8221;true&#8221; css=&#8221;.vc_custom_1464942573251{padding-top: 10px !important;padding-bottom: 10px !important;background-image: url(http:\/\/www.cameraservices.fr\/wp-content\/uploads\/2016\/02\/ALTBWLIGHT-Copier.jpg?id=6255) !important;background-position: center !important;background-repeat: no-repeat !important;background-size: cover !important;}&#8221;][vc_column][vc_column_text]<\/p>\n<h1 style=\"text-align: center;\"><span style=\"color: #ffffff;\"><strong>CALCULA LA DURACI\u00d3 DE LES TEVES\u00a0BOBINES<\/strong><\/span><\/h1>\n<p>[\/vc_column_text][\/vc_column][\/vc_row][vc_row css=&#8221;.vc_custom_1460982907940{padding-top: 70px !important;padding-bottom: 20px !important;}&#8221;][vc_column width=&#8221;1\/4&#8243;][vc_column_text]<\/p>\n<h2 style=\"text-align: center;\">8 mm<\/h2>\n<h2 style=\"text-align: center;\"><img loading=\"lazy\" decoding=\"async\" class=\"aligncenter wp-image-6748\" src=\"http:\/\/www.cameraservices.fr\/wp-content\/uploads\/2016\/05\/8mm.png\" alt=\"Bobine Film 8mm\" width=\"282\" height=\"282\" srcset=\"https:\/\/www.cameraservices.fr\/wp-content\/uploads\/2016\/05\/8mm.png 866w, https:\/\/www.cameraservices.fr\/wp-content\/uploads\/2016\/05\/8mm-150x150.png 150w, https:\/\/www.cameraservices.fr\/wp-content\/uploads\/2016\/05\/8mm-300x300.png 300w, https:\/\/www.cameraservices.fr\/wp-content\/uploads\/2016\/05\/8mm-768x768.png 768w\" sizes=\"auto, (max-width: 282px) 100vw, 282px\" \/><\/h2>\n<p>[\/vc_column_text][\/vc_column][vc_column width=&#8221;1\/4&#8243;][vc_column_text]<\/p>\n<h2 style=\"text-align: center;\">S\u00faper 8<\/h2>\n<h2 style=\"text-align: center;\"><img loading=\"lazy\" decoding=\"async\" class=\"aligncenter wp-image-6770\" src=\"http:\/\/www.cameraservices.fr\/wp-content\/uploads\/2016\/04\/Super8-1.png\" alt=\"num\u00e9risation bobine super8\" width=\"342\" height=\"329\" srcset=\"https:\/\/www.cameraservices.fr\/wp-content\/uploads\/2016\/04\/Super8-1.png 949w, https:\/\/www.cameraservices.fr\/wp-content\/uploads\/2016\/04\/Super8-1-300x289.png 300w, https:\/\/www.cameraservices.fr\/wp-content\/uploads\/2016\/04\/Super8-1-768x739.png 768w\" sizes=\"auto, (max-width: 342px) 100vw, 342px\" \/><\/h2>\n<p>[\/vc_column_text][\/vc_column][vc_column width=&#8221;1\/4&#8243;][vc_column_text]<\/p>\n<h2 style=\"text-align: center;\">9,5 mm<\/h2>\n<h2 style=\"text-align: center;\"><img loading=\"lazy\" decoding=\"async\" class=\"aligncenter wp-image-6761\" src=\"http:\/\/www.cameraservices.fr\/wp-content\/uploads\/2016\/05\/95mm-1.png\" alt=\"bobine film 9,5mm\" width=\"261\" height=\"261\" srcset=\"https:\/\/www.cameraservices.fr\/wp-content\/uploads\/2016\/05\/95mm-1.png 662w, https:\/\/www.cameraservices.fr\/wp-content\/uploads\/2016\/05\/95mm-1-150x150.png 150w, https:\/\/www.cameraservices.fr\/wp-content\/uploads\/2016\/05\/95mm-1-300x300.png 300w\" sizes=\"auto, (max-width: 261px) 100vw, 261px\" \/><\/h2>\n<p>[\/vc_column_text][\/vc_column][vc_column width=&#8221;1\/4&#8243;][vc_column_text]<\/p>\n<h2 style=\"text-align: center;\">16 mm<\/h2>\n<h2 style=\"text-align: center;\"><img loading=\"lazy\" decoding=\"async\" class=\"aligncenter wp-image-6750\" src=\"http:\/\/www.cameraservices.fr\/wp-content\/uploads\/2016\/05\/16mm.png\" alt=\"num\u00e9risation bobine 16mm\" width=\"278\" height=\"271\" srcset=\"https:\/\/www.cameraservices.fr\/wp-content\/uploads\/2016\/05\/16mm.png 675w, https:\/\/www.cameraservices.fr\/wp-content\/uploads\/2016\/05\/16mm-300x292.png 300w\" sizes=\"auto, (max-width: 278px) 100vw, 278px\" \/><\/h2>\n<p>[\/vc_column_text][\/vc_column][\/vc_row][vc_row][vc_column][vc_column_text]<img loading=\"lazy\" decoding=\"async\" class=\"aligncenter wp-image-6810\" src=\"http:\/\/www.cameraservices.fr\/wp-content\/uploads\/2016\/03\/estimation-bobines-1-892x1024.png\" alt=\"estimation bobines film\" width=\"841\" height=\"965\" srcset=\"https:\/\/www.cameraservices.fr\/wp-content\/uploads\/2016\/03\/estimation-bobines-1-892x1024.png 892w, https:\/\/www.cameraservices.fr\/wp-content\/uploads\/2016\/03\/estimation-bobines-1-261x300.png 261w, https:\/\/www.cameraservices.fr\/wp-content\/uploads\/2016\/03\/estimation-bobines-1-768x882.png 768w, https:\/\/www.cameraservices.fr\/wp-content\/uploads\/2016\/03\/estimation-bobines-1-1200x1378.png 1200w\" sizes=\"auto, (max-width: 841px) 100vw, 841px\" \/>[\/vc_column_text][vc_btn title=&#8221;Contacta&#8217;ns&#8221; style=&#8221;3d&#8221; color=&#8221;inverse&#8221; size=&#8221;lg&#8221; align=&#8221;center&#8221; link=&#8221;url:http%3A%2F%2Fwww.cameraservices.fr%2Fsample-pages%2Fcontact-us|title:Contactez-nous|&#8221;][\/vc_column][\/vc_row][vc_row][vc_column]\n<div class=\"wpcf7 no-js\" id=\"wpcf7-f6316-o3\" lang=\"fr-FR\" dir=\"ltr\" data-wpcf7-id=\"6316\">\n<div class=\"screen-reader-response\"><p role=\"status\" aria-live=\"polite\" aria-atomic=\"true\"><\/p> <ul><\/ul><\/div>\n<form action=\"\/ca\/wp-json\/wp\/v2\/pages\/6337#wpcf7-f6316-o3\" method=\"post\" class=\"wpcf7-form init\" aria-label=\"Formulaire de contact\" novalidate=\"novalidate\" data-status=\"init\">\n<fieldset class=\"hidden-fields-container\"><input type=\"hidden\" name=\"_wpcf7\" value=\"6316\" \/><input type=\"hidden\" name=\"_wpcf7_version\" value=\"6.1.5\" \/><input type=\"hidden\" name=\"_wpcf7_locale\" value=\"fr_FR\" \/><input type=\"hidden\" name=\"_wpcf7_unit_tag\" value=\"wpcf7-f6316-o3\" \/><input type=\"hidden\" name=\"_wpcf7_container_post\" value=\"0\" \/><input type=\"hidden\" name=\"_wpcf7_posted_data_hash\" value=\"\" \/>\n<\/fieldset>\n<p>Cognom (obligatori)\n<\/p>\n<p><span class=\"wpcf7-form-control-wrap\" data-name=\"your-name\"><input size=\"40\" maxlength=\"400\" class=\"wpcf7-form-control wpcf7-text wpcf7-validates-as-required\" aria-required=\"true\" aria-invalid=\"false\" value=\"\" type=\"text\" name=\"your-name\" \/><\/span>\n<\/p>\n<p>Mail (obligatori)\n<\/p>\n<p><span class=\"wpcf7-form-control-wrap\" data-name=\"your-email\"><input size=\"40\" maxlength=\"400\" class=\"wpcf7-form-control wpcf7-email wpcf7-validates-as-required wpcf7-text wpcf7-validates-as-email\" aria-required=\"true\" aria-invalid=\"false\" value=\"\" type=\"email\" name=\"your-email\" \/><\/span>\n<\/p>\n<p>Tema\n<\/p>\n<p><span class=\"wpcf7-form-control-wrap\" data-name=\"your-subject\"><input size=\"40\" maxlength=\"400\" class=\"wpcf7-form-control wpcf7-text\" aria-invalid=\"false\" value=\"\" type=\"text\" name=\"your-subject\" \/><\/span>\n<\/p>\n<p>Missatge\n<\/p>\n<p><span class=\"wpcf7-form-control-wrap\" data-name=\"your-message\"><textarea cols=\"40\" rows=\"10\" maxlength=\"2000\" class=\"wpcf7-form-control wpcf7-textarea\" aria-invalid=\"false\" name=\"your-message\"><\/textarea><\/span>\n<\/p>\n<div id=\"mosparo-box-69fb268f41244\"><\/div>\n            <script>\n                \n            if (typeof mosparoInstances === \"undefined\") {\n                var mosparoInstances = [];\n            }\n            \n            (function () {\n                let scriptEl = null;\n                if (typeof mosparo === \"undefined\") {\n                    scriptEl = document.createElement(\"script\");\n                    scriptEl.setAttribute(\"src\", \"https:\/\/mosparo.mediastack.fr\/build\/mosparo-frontend.js\");\n                    document.body.appendChild(scriptEl);\n                }\n                \n                let initializeMosparo = function (ev) {\n                    let id = \"mosparo-box-69fb268f41244\";\n                    if (typeof mosparoInstances[id] !== \"undefined\") {\n                        return;\n                    }\n                    \n                    let mosparoFieldEl = document.getElementById(id);\n                    if (!mosparoFieldEl) {\n                        return;\n                    }\n                    \n                    let formEl = null;\n                    let el = mosparoFieldEl;\n                    while ((el = el.parentNode) && el !== document) {\n                        if (el.matches(\"form\")) {\n                            formEl = el;\n                            break;\n                        }\n                    }\n                \n                    let options = {\"loadCssResource\":true,\"cssResourceUrl\":\"https:\\\/\\\/mosparo.mediastack.fr\\\/resources\\\/7a3d721e-c71e-4f0a-9c5b-e8b3dbca032f\\\/fed262a05f1c65fc3aa7b90f42f5377ba92073f4c1405d209da1f9bd7320cbba.css\"};\n                    let resetMosparoField = function () {\n                        if (!mosparoInstances[id]) {\n                            return;\n                        }\n                        \n                        mosparoInstances[id].resetState();\n                        mosparoInstances[id].requestSubmitToken();\n                    };\n                    \n                    \n                    let wpcf7FormEl = null;\n                    let parentEl = mosparoFieldEl;\n                    while ((parentEl = parentEl.parentNode) && parentEl !== document) {\n                        if (parentEl.matches(\".wpcf7-form\")) {\n                            wpcf7FormEl = parentEl;\n                            break;\n                        }\n                    }\n                    \n                    if (typeof wpcf7 !== \"undefined\" && wpcf7FormEl !== null) {\n                        options.onSwitchToInvisible = function () {\n                            wpcf7.blocked = true;\n                            wpcf7FormEl.classList.add(\"wpcf7__mosparo__invisible\");\n                        };\n                        options.onCheckForm = function (result) {\n                            if (result && mosparoInstances[id].invisible) {\n                                wpcf7.blocked = false;\n                            }\n                        };\n                        \n                        if (typeof wpcf7.cached !== \"undefined\" && wpcf7.cached) {\n                            options.requestSubmitTokenOnInit = false;\n                        }\n                        \n                        wpcf7FormEl.addEventListener(\"wpcf7invalid\", function () {\n                            if (mosparoInstances[id].invisible) {\n                                wpcf7.blocked = true;\n                            }\n                            \n                            resetMosparoField();\n                        });\n                        \n                        wpcf7FormEl.addEventListener(\"wpcf7spam\", function () {\n                            if (mosparoInstances[id].invisible) {\n                                wpcf7.blocked = true;\n                            }\n                                \n                            resetMosparoField();\n                        });\n                        \n                        \/\/ Add the required logic for other wpcf7 forms without mosparo in it.\n                        document.querySelectorAll(\".wpcf7-form\").forEach(function (form) {\n                            form.addEventListener(\"submit\", function () {\n                                if (wpcf7.blocked && form.querySelectorAll(\".mosparo__container\").length === 0) {\n                                    \/\/ If this form does not contain a mosparo field, unblock the form and submit it again.\n                                    wpcf7.blocked = false; \n                                    \n                                    if (form.querySelector(\".wpcf7-submit\")) {\n                                        form.querySelector(\".wpcf7-submit\").click();\n                                    } else {\n                                        form.submit();\n                                    }\n                                }\n                            });\n                            form.addEventListener(\"wpcf7submit\", function () {\n                                if (document.querySelectorAll(\".wpcf7__mosparo__invisible\").length > 0) {\n                                    \/\/ If we have at least one form with the invisible mosparo mode, we need to block it again.\n                                    wpcf7.blocked = true;\n                                }\n                            });\n                        });\n                    }\n                \n                    \n                    mosparoInstances[id] = new mosparo(id, \"https:\/\/mosparo.mediastack.fr\", \"7a3d721e-c71e-4f0a-9c5b-e8b3dbca032f\", \"1qZWLrAmeVMLi1Pv-ScTEoRF4PUTTsfzmFcgYr_SZAM\", options);\n                };\n                \n                if (scriptEl !== null) {\n                    scriptEl.addEventListener(\"load\", function () {\n                        initializeMosparo();\n                    });\n                } else if (document.readyState !== \"loading\") {\n                    initializeMosparo();\n                } else {\n                    document.addEventListener(\"DOMContentLoaded\", initializeMosparo);\n                }\n                document.addEventListener(\"mosparo_integration_initialize_fields\", initializeMosparo);\n                \n                \n            })();\n            <\/script>\n<\/p>\n<p><input class=\"wpcf7-form-control wpcf7-submit has-spinner\" type=\"submit\" value=\"Enviar\" \/>\n<\/p><div class=\"wpcf7-response-output\" aria-hidden=\"true\"><\/div>\n<\/form>\n<\/div>\n[\/vc_column][\/vc_row]<\/p>","protected":false},"excerpt":{"rendered":"<p>[vc_row bg_parallax=&#8221;true&#8221; css=&#8221;.vc_custom_1464942594508{padding-top: 150px !important;padding-bottom: 150px !important;background-image: url(http:\/\/www.cameraservices.fr\/wp-content\/uploads\/2016\/02\/ALTBWLIGHT-Copier.jpg?id=6255) !important;background-position: center !important;background-repeat: no-repeat !important;background-size: cover !important;}&#8221;][vc_column][vc_column_text] TRANSFER\u00c8NCIES DE BOBINES CINEMA [\/vc_column_text][\/vc_column][\/vc_row][vc_row css=&#8221;.vc_custom_1458120409625{padding-top: 50px !important;padding-bottom: 50px !important;}&#8221;][vc_column][vc_column_text] Digitalitza en DVD, Blu-ray o Llapis de mem\u00f2ria les\u00a0teves\u00a0antigues pel\u00b7l\u00edcules de cinema ! S\u00faper 8 \/ 8mm \/ 9,5mm \/ 16mm &#8230; Amb Cam\u00e9ra Services \u00e9s molt senzill, tornem a donar vida als teus records \u00a0i gaudeix amb la Fam\u00edlia i\u00a0Amics d&#8217;aquells moments memorables !\u00a0 [\/vc_column_text][\/vc_column][\/vc_row][vc_row bg_parallax=&#8221;true&#8221; css=&#8221;.vc_custom_1464942573251{padding-top: 10px !important;padding-bottom: 10px !important;background-image: url(http:\/\/www.cameraservices.fr\/wp-content\/uploads\/2016\/02\/ALTBWLIGHT-Copier.jpg?id=6255) !important;background-position: center !important;background-repeat: no-repeat !important;background-size: cover !important;}&#8221;][vc_column][vc_column_text] TARIFES TRANSFER\u00c8NCIES DE PEL\u00b7L\u00cdCULES DE CINEMA [\/vc_column_text][\/vc_column][\/vc_row][vc_row css=&#8221;.vc_custom_1459948303221{padding-top: 10px !important;padding-left: 0px !important;}&#8221;][vc_column][vc_column_text] Films S\u00faper 8 &nbsp; Films\u00a08 mm &nbsp; Films 9,5 mm &nbsp; Films 16 mm Per m\u00e9s de 120 minuts digitalitzats descompte comercial aplicable: Consulta&#8217;ns &#8230; [\/vc_column_text][\/vc_column][\/vc_row][vc_row css=&#8221;.vc_custom_1458125523611{padding-bottom: 30px !important;}&#8221;][vc_column][vc_column_text] Entrega possible amb Llapis de mem\u00f2ria, Targeta, Disc dur o altres suports : Consulta&#8217;ns &#8230; [\/vc_column_text][\/vc_column][\/vc_row][vc_row][vc_column][vc_message message_box_style=&#8221;3d&#8221; message_box_color=&#8221;grey&#8221; icon_fontawesome=&#8221;fa fa-check-square-o&#8221; css=&#8221;.vc_custom_1483547868388{border-bottom-width: 10px !important;padding-right: px !important;padding-bottom: px !important;background-position: center !important;background-repeat: no-repeat !important;background-size: contain !important;}&#8221;]Tarifa SD incloent-hi\u00a0: Neteja \/ Transfer\u00e8ncia \/ Encolatges si s&#8217;escau \/ 1 Suport de salvaguarda \/ 1 Gravaci\u00f3 DVD \u00a0 \u00a0 \u00a0 \u00a0 \u00a0 \u00a0 \u00a0 \u00a0 \u00a0 \u00a0 \u00a0 \u00a0 \u00a0 \u00a0 \u00a0 \u00a0 \u00a0 \u00a0 \u00a0 \u00a0 \u00a0 \u00a0 \u00a0 \u00a0 \u00a0 \u00a0 \u00a0 \u00a0 \u00a0 \u00a0 \u00a0 \u00a0 \u00a0 \u00a0 \u00a0 \u00a0 \u00a0 \u00a0 \u00a0 \u00a0 \u00a0 \u00a0 \u00a0 \u00a0 \u00a0 \u00a0 \u00a0 \u00a0 \u00a0 \u00a0 \u00a0 \u00a0 \u00a0 \u00a0 \u00a0 \u00a0 \u00a0 \u00a0 \u00a0 \u00a0\u00a0\u00a0 1 Men\u00fa b\u00e0sic de navegaci\u00f3 \/ 1 DVD v\u00eddeo de 4,7 GB \/ [&hellip;]<\/p>\n","protected":false},"author":1,"featured_media":0,"parent":0,"menu_order":0,"comment_status":"closed","ping_status":"closed","template":"","meta":{"footnotes":""},"class_list":["post-6337","page","type-page","status-publish","hentry"],"aioseo_notices":[],"_links":{"self":[{"href":"https:\/\/www.cameraservices.fr\/ca\/wp-json\/wp\/v2\/pages\/6337","targetHints":{"allow":["GET"]}}],"collection":[{"href":"https:\/\/www.cameraservices.fr\/ca\/wp-json\/wp\/v2\/pages"}],"about":[{"href":"https:\/\/www.cameraservices.fr\/ca\/wp-json\/wp\/v2\/types\/page"}],"author":[{"embeddable":true,"href":"https:\/\/www.cameraservices.fr\/ca\/wp-json\/wp\/v2\/users\/1"}],"replies":[{"embeddable":true,"href":"https:\/\/www.cameraservices.fr\/ca\/wp-json\/wp\/v2\/comments?post=6337"}],"version-history":[{"count":0,"href":"https:\/\/www.cameraservices.fr\/ca\/wp-json\/wp\/v2\/pages\/6337\/revisions"}],"wp:attachment":[{"href":"https:\/\/www.cameraservices.fr\/ca\/wp-json\/wp\/v2\/media?parent=6337"}],"curies":[{"name":"wp","href":"https:\/\/api.w.org\/{rel}","templated":true}]}}