{"id":6354,"date":"2016-03-02T11:29:20","date_gmt":"2016-03-02T10:29:20","guid":{"rendered":"http:\/\/www.cameraservices.fr\/?page_id=6354"},"modified":"2017-02-17T17:20:12","modified_gmt":"2017-02-17T16:20:12","slug":"transfert-photo","status":"publish","type":"page","link":"https:\/\/www.cameraservices.fr\/ca\/transfert-photo","title":{"rendered":"TRANSFER\u00c8NCIA DE DIAPOSITIVES I SUPORTS FOTOGR\u00c0FICS"},"content":{"rendered":"<p>[vc_row bg_parallax=&#8221;true&#8221; css=&#8221;.vc_custom_1464783580917{padding-top: 150px !important;padding-bottom: 150px !important;background-image: url(http:\/\/www.cameraservices.fr\/wp-content\/uploads\/2016\/03\/Photos-tirages-diapos-diapo-diapositive-reproductions-tableau.jpg?id=6427) !important;background-position: center !important;background-repeat: no-repeat !important;background-size: contain !important;}&#8221;][vc_column][vc_column_text]<\/p>\n<h1 style=\"text-align: center;\"><span style=\"color: #ffffff;\"><strong>TRANSFER\u00c8NCIES DE DIVERSOS FORMATS\u00a0DE DIAPOSITIVES<\/strong><\/span><\/h1>\n<p>[\/vc_column_text][\/vc_column][\/vc_row][vc_row][vc_column][vc_column_text css=&#8221;.vc_custom_1484758691650{padding-top: 50px !important;padding-bottom: 30px !important;}&#8221;]<\/p>\n<h1 style=\"text-align: center;\"><strong><span style=\"color: #333333;\">Digitalitza les teves Diapositives en Alta Definici\u00f3\u00a0:<\/span><\/strong><\/h1>\n<h4 style=\"text-align: center;\"><span style=\"color: #333333;\">Tens diapositives de la Fam\u00edlia guardades en caixes de cartr\u00f3 ? Desitges veure-les, preservar-les, retocar-les, classificar-les, compartir-les, imprimir-les ? \u00a0<\/span><\/h4>\n<h4 style=\"text-align: center;\"><span style=\"color: #333333;\">No esperis m\u00e9s per digitalitzar-les i permetre als teus \u00e9ssers estimats de gaudir d&#8217;aquests tresors amagats ! <\/span><\/h4>\n<h4 style=\"text-align: center;\"><span style=\"color: #333333;\">Aprofita&#8217;t de les nostres \u00faltimes tecnologies de digitalitzacions en Ultra HD (5760 x 3840) per millorar el rendiment de les teves imatges !<\/span><\/h4>\n<h4 style=\"text-align: center;\"><span style=\"color: #333333;\">Netejar, Contrastar, Retocar &#8230;<\/span><\/h4>\n<h4 style=\"text-align: center;\"><span style=\"color: #333333;\">\u00a0<\/span><span style=\"color: #333333;\">La nostra missi\u00f3 \u00e9s senzilla : donar una segona vida a tots els teus records<\/span><\/h4>\n<h4 style=\"text-align: center;\"><span style=\"color: #333333;\">Smartphones, Tablets, Impressores, Pantalles&#8230; Gaudeix de les teves imatges amb qualsevol reproductors i comparteix-les amb els teus !<\/span><\/h4>\n<p>[\/vc_column_text][\/vc_column][\/vc_row][vc_row bg_parallax=&#8221;true&#8221; css=&#8221;.vc_custom_1464783311957{padding-top: px !important;padding-bottom: px !important;background-image: url(http:\/\/www.cameraservices.fr\/wp-content\/uploads\/2016\/02\/CAROUSSEL-Copier.jpg?id=6274) !important;background-position: center !important;background-repeat: no-repeat !important;background-size: cover !important;}&#8221;][vc_column][vc_column_text]<\/p>\n<h1 style=\"text-align: center;\"><strong><span style=\"color: #ffffff;\">TARIFES DE TRANSFER\u00c8NCIES DE DIAPOSITIVES \u00a0(Format Est\u00e0ndard\u00a0 24&#215;36)<\/span><\/strong><\/h1>\n<p>[\/vc_column_text][\/vc_column][\/vc_row][vc_row css=&#8221;.vc_custom_1464784019565{padding-top: 20px !important;}&#8221;][vc_column][vc_column_text]<\/p>\n<p style=\"text-align: center;\"><span style=\"color: #808080;\"><em><img loading=\"lazy\" decoding=\"async\" class=\"aligncenter wp-image-7363\" src=\"http:\/\/www.cameraservices.fr\/wp-content\/uploads\/2016\/03\/diapo-1024x153.png\" alt=\"diapo\" width=\"995\" height=\"149\" srcset=\"https:\/\/www.cameraservices.fr\/wp-content\/uploads\/2016\/03\/diapo-1024x153.png 1024w, https:\/\/www.cameraservices.fr\/wp-content\/uploads\/2016\/03\/diapo-300x45.png 300w, https:\/\/www.cameraservices.fr\/wp-content\/uploads\/2016\/03\/diapo-768x115.png 768w, https:\/\/www.cameraservices.fr\/wp-content\/uploads\/2016\/03\/diapo-1200x180.png 1200w\" sizes=\"auto, (max-width: 995px) 100vw, 995px\" \/><span style=\"color: #ff0000;\">Format no est\u00e0ndards : + 10 cts <\/span><\/em><\/span><\/p>\n<p style=\"text-align: center;\"><span style=\"color: #808080;\"><em>Per Negatius o un altre suport fotogr\u00e0fic a digitalitzar : contacta&#8217;ns\u00a0<\/em><\/span><\/p>\n<p>[\/vc_column_text][\/vc_column][\/vc_row][vc_row css=&#8221;.vc_custom_1458149597918{padding-top: 20px !important;padding-bottom: 20px !important;}&#8221;][vc_column][vc_btn title=&#8221;Localitza&#8217;ns&#8221; style=&#8221;3d&#8221; color=&#8221;inverse&#8221; align=&#8221;center&#8221; link=&#8221;url:http%3A%2F%2Fwww.cameraservices.fr%2Fsample-pages%2Fcontact-us||&#8221;][\/vc_column][\/vc_row][vc_row bg_parallax=&#8221;true&#8221; css=&#8221;.vc_custom_1464783990434{padding-top: 150px !important;padding-bottom: 150px !important;background-image: url(http:\/\/www.cameraservices.fr\/wp-content\/uploads\/2016\/03\/diapositives5.jpg?id=6776) !important;background-position: center !important;background-repeat: no-repeat !important;background-size: contain !important;}&#8221;][vc_column][vc_column_text]<\/p>\n<h1 style=\"text-align: center;\"><\/h1>\n<p>[\/vc_column_text][\/vc_column][\/vc_row][vc_row][vc_column]\n<div class=\"wpcf7 no-js\" id=\"wpcf7-f6316-o3\" lang=\"fr-FR\" dir=\"ltr\" data-wpcf7-id=\"6316\">\n<div class=\"screen-reader-response\"><p role=\"status\" aria-live=\"polite\" aria-atomic=\"true\"><\/p> <ul><\/ul><\/div>\n<form action=\"\/ca\/wp-json\/wp\/v2\/pages\/6354#wpcf7-f6316-o3\" method=\"post\" class=\"wpcf7-form init\" aria-label=\"Formulaire de contact\" novalidate=\"novalidate\" data-status=\"init\">\n<fieldset class=\"hidden-fields-container\"><input type=\"hidden\" name=\"_wpcf7\" value=\"6316\" \/><input type=\"hidden\" name=\"_wpcf7_version\" value=\"6.1.5\" \/><input type=\"hidden\" name=\"_wpcf7_locale\" value=\"fr_FR\" \/><input type=\"hidden\" name=\"_wpcf7_unit_tag\" value=\"wpcf7-f6316-o3\" \/><input type=\"hidden\" name=\"_wpcf7_container_post\" value=\"0\" \/><input type=\"hidden\" name=\"_wpcf7_posted_data_hash\" value=\"\" \/>\n<\/fieldset>\n<p>Cognom (obligatori)\n<\/p>\n<p><span class=\"wpcf7-form-control-wrap\" data-name=\"your-name\"><input size=\"40\" maxlength=\"400\" class=\"wpcf7-form-control wpcf7-text wpcf7-validates-as-required\" aria-required=\"true\" aria-invalid=\"false\" value=\"\" type=\"text\" name=\"your-name\" \/><\/span>\n<\/p>\n<p>Mail (obligatori)\n<\/p>\n<p><span class=\"wpcf7-form-control-wrap\" data-name=\"your-email\"><input size=\"40\" maxlength=\"400\" class=\"wpcf7-form-control wpcf7-email wpcf7-validates-as-required wpcf7-text wpcf7-validates-as-email\" aria-required=\"true\" aria-invalid=\"false\" value=\"\" type=\"email\" name=\"your-email\" \/><\/span>\n<\/p>\n<p>Tema\n<\/p>\n<p><span class=\"wpcf7-form-control-wrap\" data-name=\"your-subject\"><input size=\"40\" maxlength=\"400\" class=\"wpcf7-form-control wpcf7-text\" aria-invalid=\"false\" value=\"\" type=\"text\" name=\"your-subject\" \/><\/span>\n<\/p>\n<p>Missatge\n<\/p>\n<p><span class=\"wpcf7-form-control-wrap\" data-name=\"your-message\"><textarea cols=\"40\" rows=\"10\" maxlength=\"2000\" class=\"wpcf7-form-control wpcf7-textarea\" aria-invalid=\"false\" name=\"your-message\"><\/textarea><\/span>\n<\/p>\n<div id=\"mosparo-box-69fb26d0a757b\"><\/div>\n            <script>\n                \n            if (typeof mosparoInstances === \"undefined\") {\n                var mosparoInstances = [];\n            }\n            \n            (function () {\n                let scriptEl = null;\n                if (typeof mosparo === \"undefined\") {\n                    scriptEl = document.createElement(\"script\");\n                    scriptEl.setAttribute(\"src\", \"https:\/\/mosparo.mediastack.fr\/build\/mosparo-frontend.js\");\n                    document.body.appendChild(scriptEl);\n                }\n                \n                let initializeMosparo = function (ev) {\n                    let id = \"mosparo-box-69fb26d0a757b\";\n                    if (typeof mosparoInstances[id] !== \"undefined\") {\n                        return;\n                    }\n                    \n                    let mosparoFieldEl = document.getElementById(id);\n                    if (!mosparoFieldEl) {\n                        return;\n                    }\n                    \n                    let formEl = null;\n                    let el = mosparoFieldEl;\n                    while ((el = el.parentNode) && el !== document) {\n                        if (el.matches(\"form\")) {\n                            formEl = el;\n                            break;\n                        }\n                    }\n                \n                    let options = {\"loadCssResource\":true,\"cssResourceUrl\":\"https:\\\/\\\/mosparo.mediastack.fr\\\/resources\\\/7a3d721e-c71e-4f0a-9c5b-e8b3dbca032f\\\/fed262a05f1c65fc3aa7b90f42f5377ba92073f4c1405d209da1f9bd7320cbba.css\"};\n                    let resetMosparoField = function () {\n                        if (!mosparoInstances[id]) {\n                            return;\n                        }\n                        \n                        mosparoInstances[id].resetState();\n                        mosparoInstances[id].requestSubmitToken();\n                    };\n                    \n                    \n                    let wpcf7FormEl = null;\n                    let parentEl = mosparoFieldEl;\n                    while ((parentEl = parentEl.parentNode) && parentEl !== document) {\n                        if (parentEl.matches(\".wpcf7-form\")) {\n                            wpcf7FormEl = parentEl;\n                            break;\n                        }\n                    }\n                    \n                    if (typeof wpcf7 !== \"undefined\" && wpcf7FormEl !== null) {\n                        options.onSwitchToInvisible = function () {\n                            wpcf7.blocked = true;\n                            wpcf7FormEl.classList.add(\"wpcf7__mosparo__invisible\");\n                        };\n                        options.onCheckForm = function (result) {\n                            if (result && mosparoInstances[id].invisible) {\n                                wpcf7.blocked = false;\n                            }\n                        };\n                        \n                        if (typeof wpcf7.cached !== \"undefined\" && wpcf7.cached) {\n                            options.requestSubmitTokenOnInit = false;\n                        }\n                        \n                        wpcf7FormEl.addEventListener(\"wpcf7invalid\", function () {\n                            if (mosparoInstances[id].invisible) {\n                                wpcf7.blocked = true;\n                            }\n                            \n                            resetMosparoField();\n                        });\n                        \n                        wpcf7FormEl.addEventListener(\"wpcf7spam\", function () {\n                            if (mosparoInstances[id].invisible) {\n                                wpcf7.blocked = true;\n                            }\n                                \n                            resetMosparoField();\n                        });\n                        \n                        \/\/ Add the required logic for other wpcf7 forms without mosparo in it.\n                        document.querySelectorAll(\".wpcf7-form\").forEach(function (form) {\n                            form.addEventListener(\"submit\", function () {\n                                if (wpcf7.blocked && form.querySelectorAll(\".mosparo__container\").length === 0) {\n                                    \/\/ If this form does not contain a mosparo field, unblock the form and submit it again.\n                                    wpcf7.blocked = false; \n                                    \n                                    if (form.querySelector(\".wpcf7-submit\")) {\n                                        form.querySelector(\".wpcf7-submit\").click();\n                                    } else {\n                                        form.submit();\n                                    }\n                                }\n                            });\n                            form.addEventListener(\"wpcf7submit\", function () {\n                                if (document.querySelectorAll(\".wpcf7__mosparo__invisible\").length > 0) {\n                                    \/\/ If we have at least one form with the invisible mosparo mode, we need to block it again.\n                                    wpcf7.blocked = true;\n                                }\n                            });\n                        });\n                    }\n                \n                    \n                    mosparoInstances[id] = new mosparo(id, \"https:\/\/mosparo.mediastack.fr\", \"7a3d721e-c71e-4f0a-9c5b-e8b3dbca032f\", \"1qZWLrAmeVMLi1Pv-ScTEoRF4PUTTsfzmFcgYr_SZAM\", options);\n                };\n                \n                if (scriptEl !== null) {\n                    scriptEl.addEventListener(\"load\", function () {\n                        initializeMosparo();\n                    });\n                } else if (document.readyState !== \"loading\") {\n                    initializeMosparo();\n                } else {\n                    document.addEventListener(\"DOMContentLoaded\", initializeMosparo);\n                }\n                document.addEventListener(\"mosparo_integration_initialize_fields\", initializeMosparo);\n                \n                \n            })();\n            <\/script>\n<\/p>\n<p><input class=\"wpcf7-form-control wpcf7-submit has-spinner\" type=\"submit\" value=\"Enviar\" \/>\n<\/p><div class=\"wpcf7-response-output\" aria-hidden=\"true\"><\/div>\n<\/form>\n<\/div>\n[\/vc_column][\/vc_row]<\/p>","protected":false},"excerpt":{"rendered":"<p>[vc_row bg_parallax=&#8221;true&#8221; css=&#8221;.vc_custom_1464783580917{padding-top: 150px !important;padding-bottom: 150px !important;background-image: url(http:\/\/www.cameraservices.fr\/wp-content\/uploads\/2016\/03\/Photos-tirages-diapos-diapo-diapositive-reproductions-tableau.jpg?id=6427) !important;background-position: center !important;background-repeat: no-repeat !important;background-size: contain !important;}&#8221;][vc_column][vc_column_text] TRANSFER\u00c8NCIES DE DIVERSOS FORMATS\u00a0DE DIAPOSITIVES [\/vc_column_text][\/vc_column][\/vc_row][vc_row][vc_column][vc_column_text css=&#8221;.vc_custom_1484758691650{padding-top: 50px !important;padding-bottom: 30px !important;}&#8221;] Digitalitza les teves Diapositives en Alta Definici\u00f3\u00a0: Tens diapositives de la Fam\u00edlia guardades en caixes de cartr\u00f3 ? Desitges veure-les, preservar-les, retocar-les, classificar-les, compartir-les, imprimir-les ? \u00a0 No esperis m\u00e9s per digitalitzar-les i permetre als teus \u00e9ssers estimats de gaudir d&#8217;aquests tresors amagats ! Aprofita&#8217;t de les nostres \u00faltimes tecnologies de digitalitzacions en Ultra HD (5760 x 3840) per millorar el rendiment de les teves imatges ! Netejar, Contrastar, Retocar &#8230; \u00a0La nostra missi\u00f3 \u00e9s senzilla : donar una segona vida a tots els teus records Smartphones, Tablets, Impressores, Pantalles&#8230; Gaudeix de les teves imatges amb qualsevol reproductors i comparteix-les amb els teus ! [\/vc_column_text][\/vc_column][\/vc_row][vc_row bg_parallax=&#8221;true&#8221; css=&#8221;.vc_custom_1464783311957{padding-top: px !important;padding-bottom: px !important;background-image: url(http:\/\/www.cameraservices.fr\/wp-content\/uploads\/2016\/02\/CAROUSSEL-Copier.jpg?id=6274) !important;background-position: center !important;background-repeat: no-repeat !important;background-size: cover !important;}&#8221;][vc_column][vc_column_text] TARIFES DE TRANSFER\u00c8NCIES DE DIAPOSITIVES \u00a0(Format Est\u00e0ndard\u00a0 24&#215;36) [\/vc_column_text][\/vc_column][\/vc_row][vc_row css=&#8221;.vc_custom_1464784019565{padding-top: 20px !important;}&#8221;][vc_column][vc_column_text] Format no est\u00e0ndards : + 10 cts Per Negatius o un altre suport fotogr\u00e0fic a digitalitzar : contacta&#8217;ns\u00a0 [\/vc_column_text][\/vc_column][\/vc_row][vc_row css=&#8221;.vc_custom_1458149597918{padding-top: 20px !important;padding-bottom: 20px !important;}&#8221;][vc_column][vc_btn title=&#8221;Localitza&#8217;ns&#8221; style=&#8221;3d&#8221; color=&#8221;inverse&#8221; align=&#8221;center&#8221; link=&#8221;url:http%3A%2F%2Fwww.cameraservices.fr%2Fsample-pages%2Fcontact-us||&#8221;][\/vc_column][\/vc_row][vc_row bg_parallax=&#8221;true&#8221; css=&#8221;.vc_custom_1464783990434{padding-top: 150px !important;padding-bottom: 150px !important;background-image: url(http:\/\/www.cameraservices.fr\/wp-content\/uploads\/2016\/03\/diapositives5.jpg?id=6776) !important;background-position: center !important;background-repeat: no-repeat !important;background-size: contain !important;}&#8221;][vc_column][vc_column_text] [\/vc_column_text][\/vc_column][\/vc_row][vc_row][vc_column][\/vc_column][\/vc_row]<\/p>\n","protected":false},"author":1,"featured_media":0,"parent":0,"menu_order":0,"comment_status":"closed","ping_status":"closed","template":"","meta":{"footnotes":""},"class_list":["post-6354","page","type-page","status-publish","hentry"],"aioseo_notices":[],"_links":{"self":[{"href":"https:\/\/www.cameraservices.fr\/ca\/wp-json\/wp\/v2\/pages\/6354","targetHints":{"allow":["GET"]}}],"collection":[{"href":"https:\/\/www.cameraservices.fr\/ca\/wp-json\/wp\/v2\/pages"}],"about":[{"href":"https:\/\/www.cameraservices.fr\/ca\/wp-json\/wp\/v2\/types\/page"}],"author":[{"embeddable":true,"href":"https:\/\/www.cameraservices.fr\/ca\/wp-json\/wp\/v2\/users\/1"}],"replies":[{"embeddable":true,"href":"https:\/\/www.cameraservices.fr\/ca\/wp-json\/wp\/v2\/comments?post=6354"}],"version-history":[{"count":0,"href":"https:\/\/www.cameraservices.fr\/ca\/wp-json\/wp\/v2\/pages\/6354\/revisions"}],"wp:attachment":[{"href":"https:\/\/www.cameraservices.fr\/ca\/wp-json\/wp\/v2\/media?parent=6354"}],"curies":[{"name":"wp","href":"https:\/\/api.w.org\/{rel}","templated":true}]}}