{"id":6590,"date":"2016-04-23T11:28:18","date_gmt":"2016-04-23T10:28:18","guid":{"rendered":"http:\/\/www.cameraservices.fr\/?page_id=6590"},"modified":"2017-02-10T18:10:49","modified_gmt":"2017-02-10T17:10:49","slug":"transferts-cassettes-videos-formats-pro","status":"publish","type":"page","link":"https:\/\/www.cameraservices.fr\/ca\/transferts-cassettes-videos-formats-pro","title":{"rendered":"TRANSFER\u00c8NCIES DE CINTES DE V\u00cdDEO PROFESSIONAL"},"content":{"rendered":"<p>[vc_row bg_parallax=&#8221;true&#8221; css=&#8221;.vc_custom_1461407613789{padding-top: 70px !important;padding-bottom: 70px !important;background-image: url(http:\/\/www.cameraservices.fr\/wp-content\/uploads\/2016\/04\/VHSLOW.jpg?id=6580) !important;background-position: center !important;background-repeat: no-repeat !important;background-size: cover !important;}&#8221;][vc_column][vc_column_text]<\/p>\n<h1 style=\"text-align: center;\"><span style=\"color: #ffffff;\">TRANSFER\u00c8NCIES DE CINTES DE V\u00cdDEO : Formats Professionals<\/span><\/h1>\n<p>[\/vc_column_text][\/vc_column][\/vc_row][vc_row][vc_column][vc_column_text]<\/p>\n<h3 style=\"text-align: center;\"><span style=\"color: #000000;\"><strong>Vols digitalitzar i salvaguardar les imatges de les teves cintes ?<\/strong><\/span><\/h3>\n<h3 style=\"text-align: center;\"><span style=\"color: #000000;\"><strong>Has d&#8217;inserir v\u00eddeos d&#8217;arxius per una edici\u00f3 actual ?<\/strong><\/span><\/h3>\n<h3 style=\"text-align: center;\"><span style=\"color: #000000;\"><strong>La teva c\u00e0mera o reproductor ja no t&#8217;ho permet ?<\/strong><\/span><\/h3>\n<h3 style=\"text-align: center;\"><span style=\"color: #000000;\"><strong>Confia&#8217;ns les teves Imatges i M\u00e0sters i podrem adaptar-los als formats actuals !<\/strong><\/span><\/h3>\n<h1 style=\"text-align: center;\"><\/h1>\n<p>[\/vc_column_text][\/vc_column][\/vc_row][vc_row bg_parallax=&#8221;true&#8221; css=&#8221;.vc_custom_1465371927832{padding-top: 15px !important;padding-bottom: 15px !important;background-image: url(http:\/\/www.cameraservices.fr\/wp-content\/uploads\/2016\/04\/VHSLOW.jpg?id=6580) !important;background-position: center !important;background-repeat: no-repeat !important;background-size: cover !important;}&#8221;][vc_column][vc_column_text]<\/p>\n<h1 style=\"text-align: center;\"><span style=\"color: #ffffff;\">IDENTIFICA LES TEVES CINTES<\/span><\/h1>\n<p>[\/vc_column_text][\/vc_column][\/vc_row][vc_row][vc_column][vc_single_image image=&#8221;6833&#8243; img_size=&#8221;full&#8221; alignment=&#8221;center&#8221; css=&#8221;.vc_custom_1465372512691{padding-top: 20px !important;padding-bottom: 20px !important;}&#8221;][\/vc_column][\/vc_row][vc_row bg_parallax=&#8221;true&#8221; css=&#8221;.vc_custom_1461407609063{background-image: url(http:\/\/www.cameraservices.fr\/wp-content\/uploads\/2016\/04\/VHSLOW.jpg?id=6580) !important;background-position: center !important;background-repeat: no-repeat !important;background-size: cover !important;}&#8221;][vc_column][vc_column_text css=&#8221;.vc_custom_1485259104814{padding-top: 10px !important;padding-bottom: 10px !important;}&#8221;]<\/p>\n<h1 style=\"text-align: center;\"><span style=\"color: #ffffff;\"><strong>DIGITALITZA LES TEVES CINTES DE V\u00cdDEO<\/strong><\/span><\/h1>\n<p style=\"text-align: center;\"><span style=\"color: #ffffff;\"><strong>UMATIC \/ UMATIC-SP \/ BVU \/ BVU-SP \/ DVCPRO \/ DVCAM<\/strong><\/span><\/p>\n<p style=\"text-align: center;\"><span style=\"color: #ffffff;\"><strong>BETACAM \/ BETACAM SP &#8211; SX \/ DIGITAL BETACAM \/ MPEG<em>IMX<\/em><\/strong><\/span><\/p>\n<h1 style=\"text-align: center;\"><span style=\"color: #ffffff;\"><strong>FES UN CANVI DE FORMAT DELS TEUS SUPORTS DIGITALS<\/strong><\/span><\/h1>\n<p style=\"text-align: center;\"><span style=\"color: #ffffff;\"><strong>DVD \/ Mini DVD \/ Blu-ray \/ Llapis de mem\u00f2ria\u00a0\/ Targetes\u00a0P2 \/ SD \/ CF \/ Memory Stick \u2026<\/strong><\/span><\/p>\n<h5 style=\"text-align: center;\"><span style=\"color: #ffffff;\">\u00a0<\/span><\/h5>\n<p>[\/vc_column_text][\/vc_column][\/vc_row][vc_row css=&#8221;.vc_custom_1461407512757{padding-top: 30px !important;padding-bottom: 30px !important;}&#8221;][vc_column][vc_column_text]<\/p>\n<div class=\"wpb_wrapper\">\n<div class=\"wpb_text_column wpb_content_element \">\n<div class=\"wpb_wrapper\">\n<p style=\"text-align: center;\"><span style=\"color: #ff0000;\"><strong><em><img loading=\"lazy\" decoding=\"async\" class=\"aligncenter size-large wp-image-7359\" src=\"http:\/\/www.cameraservices.fr\/wp-content\/uploads\/2016\/04\/k7pro-1024x341.png\" alt=\"k7pro\" width=\"888\" height=\"296\" srcset=\"https:\/\/www.cameraservices.fr\/wp-content\/uploads\/2016\/04\/k7pro-1024x341.png 1024w, https:\/\/www.cameraservices.fr\/wp-content\/uploads\/2016\/04\/k7pro-300x100.png 300w, https:\/\/www.cameraservices.fr\/wp-content\/uploads\/2016\/04\/k7pro-768x256.png 768w, https:\/\/www.cameraservices.fr\/wp-content\/uploads\/2016\/04\/k7pro-1200x400.png 1200w\" sizes=\"auto, (max-width: 888px) 100vw, 888px\" \/>Per m\u00e9s de 300 minuts digitalitzats descompte comercial aplicable: consulta&#8217;ns &#8230;<\/em><\/strong><\/span><\/p>\n<\/div>\n<\/div>\n<\/div>\n<div class=\"wpb_wrapper\">\n<div class=\"wpb_text_column wpb_content_element \">\n<div class=\"wpb_wrapper\">\n<p style=\"text-align: center;\"><img loading=\"lazy\" decoding=\"async\" class=\"aligncenter size-large wp-image-7360\" src=\"http:\/\/www.cameraservices.fr\/wp-content\/uploads\/2016\/04\/k7pro2-1024x466.png\" alt=\"k7pro2\" width=\"888\" height=\"404\" srcset=\"https:\/\/www.cameraservices.fr\/wp-content\/uploads\/2016\/04\/k7pro2-1024x466.png 1024w, https:\/\/www.cameraservices.fr\/wp-content\/uploads\/2016\/04\/k7pro2-300x136.png 300w, https:\/\/www.cameraservices.fr\/wp-content\/uploads\/2016\/04\/k7pro2-768x349.png 768w, https:\/\/www.cameraservices.fr\/wp-content\/uploads\/2016\/04\/k7pro2-1200x546.png 1200w, https:\/\/www.cameraservices.fr\/wp-content\/uploads\/2016\/04\/k7pro2.png 1299w\" sizes=\"auto, (max-width: 888px) 100vw, 888px\" \/><\/p>\n<\/div>\n<\/div>\n<\/div>\n<p>[\/vc_column_text][\/vc_column][\/vc_row][vc_row][vc_column][vc_column_text]<\/p>\n<p style=\"text-align: center;\"><span style=\"color: #999999;\"><strong><em>Entrega possible amb Llapis de mem\u00f2ria, Targeta, Disc dur o altres suports : consulta&#8217;ns &#8230;<\/em><\/strong><\/span><\/p>\n<p>[\/vc_column_text][\/vc_column][\/vc_row][vc_row][vc_column width=&#8221;5\/6&#8243;][vc_message message_box_style=&#8221;3d&#8221; message_box_color=&#8221;grey&#8221; icon_fontawesome=&#8221;fa fa-share-square-o&#8221;]<strong>* Tarifa SD incloent-hi\u00a0<\/strong>: Avaluaci\u00f3 durada dels cassets \/ Optimitzaci\u00f3 espai de qualitat per a DVD \/ 1 Gravaci\u00f3 DVD \u00a0 \u00a0 \u00a0 \u00a0 \u00a0 \u00a0 \u00a0 \u00a0 \u00a0 \u00a0 \u00a0 \u00a0 \u00a0 \u00a0 \u00a0 \u00a0 \u00a0 \u00a0 \u00a0 \u00a0 \u00a0 \u00a0 \u00a0 \u00a0 \u00a0 \u00a0 \u00a0 \u00a0 \u00a0 \u00a0 \u00a0 \u00a0 \u00a0 \u00a0 \u00a0 \u00a0 \u00a0 \u00a0 \u00a0 \u00a0 \u00a0 \u00a0 \u00a0 \u00a0 \u00a0 \u00a0 \u00a0 \u00a0 \u00a0 \u00a0 \u00a0 \u00a0 \u00a0 \u00a0 \u00a0 \u00a0 \u00a0 \u00a0 \u00a0 \u00a0\u00a0\u00a0 1 Men\u00fa b\u00e0sic de navegaci\u00f3 \/ 1 DVD v\u00eddeo de 4,7 GB \/ 1 Estoig DVD v\u00eddeo[\/vc_message][vc_message message_box_style=&#8221;3d&#8221; message_box_color=&#8221;grey&#8221; icon_fontawesome=&#8221;fa fa-share-square-o&#8221;]<strong>** Tarifa HD incloent-hi\u00a0\u00a0<\/strong>: Avaluaci\u00f3 durada dels cassets \/ Optimitzaci\u00f3 espai de qualitat per a Blu-ray \/ 1 Gravaci\u00f3 Blu-ray \u00a0 \u00a0 \u00a0 \u00a0 \u00a0 \u00a0 \u00a0 \u00a0 \u00a0 \u00a0 \u00a0 \u00a0 \u00a0 \u00a0 \u00a0 \u00a0 \u00a0 \u00a0 \u00a0 \u00a0 \u00a0 \u00a0 \u00a0 \u00a0 \u00a0 \u00a0 \u00a0 \u00a0 \u00a0 \u00a0 \u00a0 \u00a0 \u00a0 \u00a0 \u00a0 \u00a0 \u00a0 \u00a0 \u00a0 \u00a0 \u00a0 \u00a0 \u00a0 \u00a0 \u00a0 \u00a0 \u00a0 \u00a0 \u00a0 \u00a0 \u00a0 \u00a0 \u00a0 \u00a0 \u00a0 \u00a0 \u00a0 \u00a0 \u00a0 \u00a0 1 Men\u00fa de navegaci\u00f3 b\u00e0sica \/ 1 Blu-ray 25 GB \/ 1 Estoig Blu-ray v\u00eddeo[\/vc_message][\/vc_column][vc_column width=&#8221;1\/6&#8243;][\/vc_column][\/vc_row][vc_row css=&#8221;.vc_custom_1461407872829{padding-top: 30px !important;}&#8221;][vc_column]\n<div class=\"wpcf7 no-js\" id=\"wpcf7-f6316-o3\" lang=\"fr-FR\" dir=\"ltr\" data-wpcf7-id=\"6316\">\n<div class=\"screen-reader-response\"><p role=\"status\" aria-live=\"polite\" aria-atomic=\"true\"><\/p> <ul><\/ul><\/div>\n<form action=\"\/ca\/wp-json\/wp\/v2\/pages\/6590#wpcf7-f6316-o3\" method=\"post\" class=\"wpcf7-form init\" aria-label=\"Formulaire de contact\" novalidate=\"novalidate\" data-status=\"init\">\n<fieldset class=\"hidden-fields-container\"><input type=\"hidden\" name=\"_wpcf7\" value=\"6316\" \/><input type=\"hidden\" name=\"_wpcf7_version\" value=\"6.1.5\" \/><input type=\"hidden\" name=\"_wpcf7_locale\" value=\"fr_FR\" \/><input type=\"hidden\" name=\"_wpcf7_unit_tag\" value=\"wpcf7-f6316-o3\" \/><input type=\"hidden\" name=\"_wpcf7_container_post\" value=\"0\" \/><input type=\"hidden\" name=\"_wpcf7_posted_data_hash\" value=\"\" \/>\n<\/fieldset>\n<p>Cognom (obligatori)\n<\/p>\n<p><span class=\"wpcf7-form-control-wrap\" data-name=\"your-name\"><input size=\"40\" maxlength=\"400\" class=\"wpcf7-form-control wpcf7-text wpcf7-validates-as-required\" aria-required=\"true\" aria-invalid=\"false\" value=\"\" type=\"text\" name=\"your-name\" \/><\/span>\n<\/p>\n<p>Mail (obligatori)\n<\/p>\n<p><span class=\"wpcf7-form-control-wrap\" data-name=\"your-email\"><input size=\"40\" maxlength=\"400\" class=\"wpcf7-form-control wpcf7-email wpcf7-validates-as-required wpcf7-text wpcf7-validates-as-email\" aria-required=\"true\" aria-invalid=\"false\" value=\"\" type=\"email\" name=\"your-email\" \/><\/span>\n<\/p>\n<p>Tema\n<\/p>\n<p><span class=\"wpcf7-form-control-wrap\" data-name=\"your-subject\"><input size=\"40\" maxlength=\"400\" class=\"wpcf7-form-control wpcf7-text\" aria-invalid=\"false\" value=\"\" type=\"text\" name=\"your-subject\" \/><\/span>\n<\/p>\n<p>Missatge\n<\/p>\n<p><span class=\"wpcf7-form-control-wrap\" data-name=\"your-message\"><textarea cols=\"40\" rows=\"10\" maxlength=\"2000\" class=\"wpcf7-form-control wpcf7-textarea\" aria-invalid=\"false\" name=\"your-message\"><\/textarea><\/span>\n<\/p>\n<div id=\"mosparo-box-69fb269eda843\"><\/div>\n            <script>\n                \n            if (typeof mosparoInstances === \"undefined\") {\n                var mosparoInstances = [];\n            }\n            \n            (function () {\n                let scriptEl = null;\n                if (typeof mosparo === \"undefined\") {\n                    scriptEl = document.createElement(\"script\");\n                    scriptEl.setAttribute(\"src\", \"https:\/\/mosparo.mediastack.fr\/build\/mosparo-frontend.js\");\n                    document.body.appendChild(scriptEl);\n                }\n                \n                let initializeMosparo = function (ev) {\n                    let id = \"mosparo-box-69fb269eda843\";\n                    if (typeof mosparoInstances[id] !== \"undefined\") {\n                        return;\n                    }\n                    \n                    let mosparoFieldEl = document.getElementById(id);\n                    if (!mosparoFieldEl) {\n                        return;\n                    }\n                    \n                    let formEl = null;\n                    let el = mosparoFieldEl;\n                    while ((el = el.parentNode) && el !== document) {\n                        if (el.matches(\"form\")) {\n                            formEl = el;\n                            break;\n                        }\n                    }\n                \n                    let options = {\"loadCssResource\":true,\"cssResourceUrl\":\"https:\\\/\\\/mosparo.mediastack.fr\\\/resources\\\/7a3d721e-c71e-4f0a-9c5b-e8b3dbca032f\\\/fed262a05f1c65fc3aa7b90f42f5377ba92073f4c1405d209da1f9bd7320cbba.css\"};\n                    let resetMosparoField = function () {\n                        if (!mosparoInstances[id]) {\n                            return;\n                        }\n                        \n                        mosparoInstances[id].resetState();\n                        mosparoInstances[id].requestSubmitToken();\n                    };\n                    \n                    \n                    let wpcf7FormEl = null;\n                    let parentEl = mosparoFieldEl;\n                    while ((parentEl = parentEl.parentNode) && parentEl !== document) {\n                        if (parentEl.matches(\".wpcf7-form\")) {\n                            wpcf7FormEl = parentEl;\n                            break;\n                        }\n                    }\n                    \n                    if (typeof wpcf7 !== \"undefined\" && wpcf7FormEl !== null) {\n                        options.onSwitchToInvisible = function () {\n                            wpcf7.blocked = true;\n                            wpcf7FormEl.classList.add(\"wpcf7__mosparo__invisible\");\n                        };\n                        options.onCheckForm = function (result) {\n                            if (result && mosparoInstances[id].invisible) {\n                                wpcf7.blocked = false;\n                            }\n                        };\n                        \n                        if (typeof wpcf7.cached !== \"undefined\" && wpcf7.cached) {\n                            options.requestSubmitTokenOnInit = false;\n                        }\n                        \n                        wpcf7FormEl.addEventListener(\"wpcf7invalid\", function () {\n                            if (mosparoInstances[id].invisible) {\n                                wpcf7.blocked = true;\n                            }\n                            \n                            resetMosparoField();\n                        });\n                        \n                        wpcf7FormEl.addEventListener(\"wpcf7spam\", function () {\n                            if (mosparoInstances[id].invisible) {\n                                wpcf7.blocked = true;\n                            }\n                                \n                            resetMosparoField();\n                        });\n                        \n                        \/\/ Add the required logic for other wpcf7 forms without mosparo in it.\n                        document.querySelectorAll(\".wpcf7-form\").forEach(function (form) {\n                            form.addEventListener(\"submit\", function () {\n                                if (wpcf7.blocked && form.querySelectorAll(\".mosparo__container\").length === 0) {\n                                    \/\/ If this form does not contain a mosparo field, unblock the form and submit it again.\n                                    wpcf7.blocked = false; \n                                    \n                                    if (form.querySelector(\".wpcf7-submit\")) {\n                                        form.querySelector(\".wpcf7-submit\").click();\n                                    } else {\n                                        form.submit();\n                                    }\n                                }\n                            });\n                            form.addEventListener(\"wpcf7submit\", function () {\n                                if (document.querySelectorAll(\".wpcf7__mosparo__invisible\").length > 0) {\n                                    \/\/ If we have at least one form with the invisible mosparo mode, we need to block it again.\n                                    wpcf7.blocked = true;\n                                }\n                            });\n                        });\n                    }\n                \n                    \n                    mosparoInstances[id] = new mosparo(id, \"https:\/\/mosparo.mediastack.fr\", \"7a3d721e-c71e-4f0a-9c5b-e8b3dbca032f\", \"1qZWLrAmeVMLi1Pv-ScTEoRF4PUTTsfzmFcgYr_SZAM\", options);\n                };\n                \n                if (scriptEl !== null) {\n                    scriptEl.addEventListener(\"load\", function () {\n                        initializeMosparo();\n                    });\n                } else if (document.readyState !== \"loading\") {\n                    initializeMosparo();\n                } else {\n                    document.addEventListener(\"DOMContentLoaded\", initializeMosparo);\n                }\n                document.addEventListener(\"mosparo_integration_initialize_fields\", initializeMosparo);\n                \n                \n            })();\n            <\/script>\n<\/p>\n<p><input class=\"wpcf7-form-control wpcf7-submit has-spinner\" type=\"submit\" value=\"Enviar\" \/>\n<\/p><div class=\"wpcf7-response-output\" aria-hidden=\"true\"><\/div>\n<\/form>\n<\/div>\n[\/vc_column][\/vc_row]<\/p>","protected":false},"excerpt":{"rendered":"<p>[vc_row bg_parallax=&#8221;true&#8221; css=&#8221;.vc_custom_1461407613789{padding-top: 70px !important;padding-bottom: 70px !important;background-image: url(http:\/\/www.cameraservices.fr\/wp-content\/uploads\/2016\/04\/VHSLOW.jpg?id=6580) !important;background-position: center !important;background-repeat: no-repeat !important;background-size: cover !important;}&#8221;][vc_column][vc_column_text] TRANSFER\u00c8NCIES DE CINTES DE V\u00cdDEO : Formats Professionals [\/vc_column_text][\/vc_column][\/vc_row][vc_row][vc_column][vc_column_text] Vols digitalitzar i salvaguardar les imatges de les teves cintes ? Has d&#8217;inserir v\u00eddeos d&#8217;arxius per una edici\u00f3 actual ? La teva c\u00e0mera o reproductor ja no t&#8217;ho permet ? Confia&#8217;ns les teves Imatges i M\u00e0sters i podrem adaptar-los als formats actuals ! [\/vc_column_text][\/vc_column][\/vc_row][vc_row bg_parallax=&#8221;true&#8221; css=&#8221;.vc_custom_1465371927832{padding-top: 15px !important;padding-bottom: 15px !important;background-image: url(http:\/\/www.cameraservices.fr\/wp-content\/uploads\/2016\/04\/VHSLOW.jpg?id=6580) !important;background-position: center !important;background-repeat: no-repeat !important;background-size: cover !important;}&#8221;][vc_column][vc_column_text] IDENTIFICA LES TEVES CINTES [\/vc_column_text][\/vc_column][\/vc_row][vc_row][vc_column][vc_single_image image=&#8221;6833&#8243; img_size=&#8221;full&#8221; alignment=&#8221;center&#8221; css=&#8221;.vc_custom_1465372512691{padding-top: 20px !important;padding-bottom: 20px !important;}&#8221;][\/vc_column][\/vc_row][vc_row bg_parallax=&#8221;true&#8221; css=&#8221;.vc_custom_1461407609063{background-image: url(http:\/\/www.cameraservices.fr\/wp-content\/uploads\/2016\/04\/VHSLOW.jpg?id=6580) !important;background-position: center !important;background-repeat: no-repeat !important;background-size: cover !important;}&#8221;][vc_column][vc_column_text css=&#8221;.vc_custom_1485259104814{padding-top: 10px !important;padding-bottom: 10px !important;}&#8221;] DIGITALITZA LES TEVES CINTES DE V\u00cdDEO UMATIC \/ UMATIC-SP \/ BVU \/ BVU-SP \/ DVCPRO \/ DVCAM BETACAM \/ BETACAM SP &#8211; SX \/ DIGITAL BETACAM \/ MPEGIMX FES UN CANVI DE FORMAT DELS TEUS SUPORTS DIGITALS DVD \/ Mini DVD \/ Blu-ray \/ Llapis de mem\u00f2ria\u00a0\/ Targetes\u00a0P2 \/ SD \/ CF \/ Memory Stick \u2026 \u00a0 [\/vc_column_text][\/vc_column][\/vc_row][vc_row css=&#8221;.vc_custom_1461407512757{padding-top: 30px !important;padding-bottom: 30px !important;}&#8221;][vc_column][vc_column_text] Per m\u00e9s de 300 minuts digitalitzats descompte comercial aplicable: consulta&#8217;ns &#8230; [\/vc_column_text][\/vc_column][\/vc_row][vc_row][vc_column][vc_column_text] Entrega possible amb Llapis de mem\u00f2ria, Targeta, Disc dur o altres suports : consulta&#8217;ns &#8230; [\/vc_column_text][\/vc_column][\/vc_row][vc_row][vc_column width=&#8221;5\/6&#8243;][vc_message message_box_style=&#8221;3d&#8221; message_box_color=&#8221;grey&#8221; icon_fontawesome=&#8221;fa fa-share-square-o&#8221;]* Tarifa SD incloent-hi\u00a0: Avaluaci\u00f3 durada dels cassets \/ Optimitzaci\u00f3 espai de qualitat per a DVD \/ 1 Gravaci\u00f3 DVD \u00a0 \u00a0 \u00a0 \u00a0 \u00a0 \u00a0 \u00a0 \u00a0 \u00a0 \u00a0 \u00a0 \u00a0 \u00a0 \u00a0 \u00a0 \u00a0 \u00a0 \u00a0 \u00a0 \u00a0 \u00a0 \u00a0 \u00a0 \u00a0 \u00a0 [&hellip;]<\/p>\n","protected":false},"author":1,"featured_media":0,"parent":0,"menu_order":0,"comment_status":"closed","ping_status":"closed","template":"","meta":{"footnotes":""},"class_list":["post-6590","page","type-page","status-publish","hentry"],"aioseo_notices":[],"_links":{"self":[{"href":"https:\/\/www.cameraservices.fr\/ca\/wp-json\/wp\/v2\/pages\/6590","targetHints":{"allow":["GET"]}}],"collection":[{"href":"https:\/\/www.cameraservices.fr\/ca\/wp-json\/wp\/v2\/pages"}],"about":[{"href":"https:\/\/www.cameraservices.fr\/ca\/wp-json\/wp\/v2\/types\/page"}],"author":[{"embeddable":true,"href":"https:\/\/www.cameraservices.fr\/ca\/wp-json\/wp\/v2\/users\/1"}],"replies":[{"embeddable":true,"href":"https:\/\/www.cameraservices.fr\/ca\/wp-json\/wp\/v2\/comments?post=6590"}],"version-history":[{"count":0,"href":"https:\/\/www.cameraservices.fr\/ca\/wp-json\/wp\/v2\/pages\/6590\/revisions"}],"wp:attachment":[{"href":"https:\/\/www.cameraservices.fr\/ca\/wp-json\/wp\/v2\/media?parent=6590"}],"curies":[{"name":"wp","href":"https:\/\/api.w.org\/{rel}","templated":true}]}}