{"id":6704,"date":"2016-05-12T17:32:35","date_gmt":"2016-05-12T16:32:35","guid":{"rendered":"http:\/\/www.cameraservices.fr\/?page_id=6704"},"modified":"2017-02-17T17:23:38","modified_gmt":"2017-02-17T16:23:38","slug":"transferts-cassettes-videos-grand-public","status":"publish","type":"page","link":"https:\/\/www.cameraservices.fr\/ca\/transferts-cassettes-videos-grand-public","title":{"rendered":"TRANSFER\u00c8NCIES DE CINTES DE V\u00cdDEO DOM\u00c8STICS"},"content":{"rendered":"<p>[vc_row bg_parallax=&#8221;true&#8221; css=&#8221;.vc_custom_1461407412963{padding-top: 70px !important;padding-bottom: 70px !important;background-image: url(http:\/\/www.cameraservices.fr\/wp-content\/uploads\/2016\/03\/K7-VHS-MINI-DV-HI-8-VHS-C-BETACAM-BETAMAX-SP.jpg?id=6418) !important;}&#8221;][vc_column][vc_column_text]<\/p>\n<h1 style=\"text-align: center;\"><span style=\"color: #ffffff;\">TRANSFER\u00c8NCIES DE CINTES DE V\u00cdDEO : Formats Dom\u00e8stics<\/span><\/h1>\n<p>[\/vc_column_text][\/vc_column][\/vc_row][vc_row][vc_column][vc_column_text css=&#8221;.vc_custom_1482946816656{padding-top: 20px !important;padding-bottom: 20px !important;}&#8221;]<\/p>\n<h3 style=\"text-align: center;\">Trobes a faltar els teus records ?<\/h3>\n<h3 style=\"text-align: center;\">Desitges poder revisar-los i compartir-los ?<\/h3>\n<h3 style=\"text-align: center;\"><span style=\"color: #000000;\">La teva c\u00e0mera o reproductor de v\u00eddeo ja no donen l&#8217;abast,<\/span><\/h3>\n<h3 style=\"text-align: center;\">Confia&#8217;ns els teus cassets i suports de v\u00eddeo i donarem noves vides a les teves imatges !<\/h3>\n<p>[\/vc_column_text][\/vc_column][\/vc_row][vc_row bg_parallax=&#8221;true&#8221; css=&#8221;.vc_custom_1465244556625{padding-top: 15px !important;padding-bottom: 15px !important;background-image: url(http:\/\/www.cameraservices.fr\/wp-content\/uploads\/2016\/03\/K7-VHS-MINI-DV-HI-8-VHS-C-BETACAM-BETAMAX-SP.jpg?id=6418) !important;}&#8221;][vc_column][vc_column_text]<\/p>\n<h1 style=\"text-align: center;\"><span style=\"color: #ffffff;\">IDENTIFICA LES TEVES CINTES<\/span><\/h1>\n<p>[\/vc_column_text][\/vc_column][\/vc_row][vc_row css=&#8221;.vc_custom_1465245615108{padding-top: 20px !important;padding-bottom: 20px !important;}&#8221;][vc_column][vc_single_image image=&#8221;6830&#8243; img_size=&#8221;full&#8221; alignment=&#8221;center&#8221; css=&#8221;.vc_custom_1465338313481{padding-top: 20px !important;padding-bottom: 20px !important;}&#8221;][\/vc_column][\/vc_row][vc_row bg_parallax=&#8221;true&#8221; css=&#8221;.vc_custom_1460986341193{padding-top: px !important;padding-bottom: px !important;background-image: url(http:\/\/www.cameraservices.fr\/wp-content\/uploads\/2016\/03\/K7-VHS-MINI-DV-HI-8-VHS-C-BETACAM-BETAMAX-SP.jpg?id=6418) !important;}&#8221;][vc_column][vc_column_text css=&#8221;.vc_custom_1485259168625{padding-top: 10px !important;padding-bottom: 10px !important;}&#8221;]<\/p>\n<h1 style=\"text-align: center;\"><span style=\"color: #ffffff;\"><strong>DIGITALITZA LES TEVES CINTES<\/strong><\/span><\/h1>\n<p style=\"text-align: center;\"><span style=\"color: #ffffff;\"><strong>VHS \/ VHS-C \/ S-VHS \/ Vid\u00e9o8 \/ Hi-8 \/ Digital8 \/ MiniDV \/ HDV \/<\/strong><\/span><\/p>\n<p style=\"text-align: center;\"><span style=\"color: #ffffff;\"><strong>V2000 \/ Betamax<\/strong><\/span><\/p>\n<h1 style=\"text-align: center;\"><span style=\"color: #ffffff;\"><strong>FES UN CANVI DE FORMAT DELS TEUS SUPORTS DIGITALS<\/strong><\/span><\/h1>\n<p style=\"text-align: center;\"><span style=\"color: #ffffff;\"><strong>DVD \/ Mini DVD \/ Blu-ray \/ Llapis de mem\u00f2ria\u00a0\/ Targetes\u00a0P2 \/ SD \/ CF \/ Memory Stick \u2026<\/strong><\/span><\/p>\n<p>[\/vc_column_text][\/vc_column][\/vc_row][vc_row css=&#8221;.vc_custom_1460986167847{padding-top: 30px !important;padding-bottom: 30px !important;}&#8221;][vc_column][vc_column_text]<\/p>\n<section class=\"vc_section_wrapper\">\n<div class=\"wpb_row vc_custom_1458120409625 row-fluid\"><\/div>\n<\/section>\n<section class=\"vc_section_wrapper\">\n<div class=\"wpb_row vc_custom_1459948303221 row-fluid\">\n<div class=\"wpb_column vc_column_container vc_col-sm-12\">\n<div class=\"vc_column-inner \">\n<div class=\"wpb_wrapper\">\n<div class=\"wpb_text_column wpb_content_element \">\n<div class=\"wpb_wrapper\">\n<p style=\"text-align: center;\"><span style=\"color: #ff0000;\"><strong><em><img loading=\"lazy\" decoding=\"async\" class=\"aligncenter wp-image-7367\" src=\"http:\/\/www.cameraservices.fr\/wp-content\/uploads\/2016\/05\/cintes-video-1024x559.png\" alt=\"cintes video\" width=\"846\" height=\"462\" srcset=\"https:\/\/www.cameraservices.fr\/wp-content\/uploads\/2016\/05\/cintes-video-1024x559.png 1024w, https:\/\/www.cameraservices.fr\/wp-content\/uploads\/2016\/05\/cintes-video-300x164.png 300w, https:\/\/www.cameraservices.fr\/wp-content\/uploads\/2016\/05\/cintes-video-768x419.png 768w, https:\/\/www.cameraservices.fr\/wp-content\/uploads\/2016\/05\/cintes-video-1200x655.png 1200w, https:\/\/www.cameraservices.fr\/wp-content\/uploads\/2016\/05\/cintes-video.png 1299w\" sizes=\"auto, (max-width: 846px) 100vw, 846px\" \/>Per m\u00e9s de\u00a0600 minuts digitalitzats<\/em><em>\u00a0descompte comercial aplicable \/ consulta&#8217;ns\u00a0\u2026<\/em><\/strong><\/span><\/p>\n<\/div>\n<\/div>\n<\/div>\n<div class=\"wpb_wrapper\"><img loading=\"lazy\" decoding=\"async\" class=\"aligncenter wp-image-7368\" src=\"http:\/\/www.cameraservices.fr\/wp-content\/uploads\/2016\/05\/cintes-video-transfert-1024x446.png\" alt=\"cintes video transfert\" width=\"814\" height=\"354\" srcset=\"https:\/\/www.cameraservices.fr\/wp-content\/uploads\/2016\/05\/cintes-video-transfert-1024x446.png 1024w, https:\/\/www.cameraservices.fr\/wp-content\/uploads\/2016\/05\/cintes-video-transfert-300x131.png 300w, https:\/\/www.cameraservices.fr\/wp-content\/uploads\/2016\/05\/cintes-video-transfert-768x334.png 768w, https:\/\/www.cameraservices.fr\/wp-content\/uploads\/2016\/05\/cintes-video-transfert-1200x522.png 1200w, https:\/\/www.cameraservices.fr\/wp-content\/uploads\/2016\/05\/cintes-video-transfert.png 1358w\" sizes=\"auto, (max-width: 814px) 100vw, 814px\" \/><\/div>\n<\/div>\n<\/div>\n<\/div>\n<\/section>\n<p>[\/vc_column_text][\/vc_column][\/vc_row][vc_row][vc_column][vc_column_text]<\/p>\n<p style=\"text-align: center;\"><span style=\"color: #999999;\"><strong><em>Entrega possible amb Llapis de mem\u00f2ria, Targeta, Disc dur o altres suports : consulta&#8217;ns &#8230;<\/em><\/strong><\/span><\/p>\n<p>[\/vc_column_text][\/vc_column][\/vc_row][vc_row][vc_column width=&#8221;5\/6&#8243;][vc_message message_box_style=&#8221;3d&#8221; message_box_color=&#8221;grey&#8221; icon_type=&#8221;typicons&#8221; icon_typicons=&#8221;typcn typcn-info-outline&#8221;]<strong>* Tarifa SD incloent-hi\u00a0<\/strong>: Avaluaci\u00f3 durada dels cassets \/ Optimitzaci\u00f3 espai de qualitat per a DVD \/ 1 Gravaci\u00f3 DVD \u00a0 \u00a0 \u00a0 \u00a0 \u00a0 \u00a0 \u00a0 \u00a0 \u00a0 \u00a0 \u00a0 \u00a0 \u00a0 \u00a0 \u00a0 \u00a0 \u00a0 \u00a0 \u00a0 \u00a0 \u00a0 \u00a0 \u00a0 \u00a0 \u00a0 \u00a0 \u00a0 \u00a0 \u00a0 \u00a0 \u00a0 \u00a0 \u00a0 \u00a0 \u00a0 \u00a0 \u00a0 \u00a0 \u00a0 \u00a0 \u00a0 \u00a0 \u00a0 \u00a0 \u00a0 \u00a0 \u00a0 \u00a0 \u00a0 \u00a0 \u00a0 \u00a0 \u00a0 \u00a0 \u00a0 \u00a0 \u00a0 \u00a0 \u00a0 \u00a0\u00a0\u00a0 1 Men\u00fa b\u00e0sic de navegaci\u00f3 \/ 1 DVD v\u00eddeo de 4,7 GB \/ 1 Estoig DVD v\u00eddeo[\/vc_message][vc_message message_box_style=&#8221;3d&#8221; message_box_color=&#8221;grey&#8221; icon_type=&#8221;typicons&#8221; icon_typicons=&#8221;typcn typcn-info-outline&#8221;]<strong>** Tarifa HD incloent-hi\u00a0\u00a0<\/strong>:\u00a0Avaluaci\u00f3 durada dels cassets\u00a0\/\u00a0Optimitzaci\u00f3 espai de qualitat per a Blu-ray\u00a0\/ 1 Gravaci\u00f3 Blu-ray \u00a0 \u00a0 \u00a0 \u00a0 \u00a0 \u00a0 \u00a0 \u00a0 \u00a0 \u00a0 \u00a0 \u00a0 \u00a0 \u00a0 \u00a0 \u00a0 \u00a0 \u00a0 \u00a0 \u00a0 \u00a0 \u00a0 \u00a0 \u00a0 \u00a0 \u00a0 \u00a0 \u00a0 \u00a0 \u00a0 \u00a0 \u00a0 \u00a0 \u00a0 \u00a0 \u00a0 \u00a0 \u00a0 \u00a0 \u00a0 \u00a0 \u00a0 \u00a0 \u00a0 \u00a0 \u00a0 \u00a0 \u00a0 \u00a0 \u00a0 \u00a0 \u00a0 \u00a0 \u00a0 \u00a0 \u00a0 \u00a0 \u00a0 \u00a0 \u00a0 1 Men\u00fa de navegaci\u00f3 b\u00e0sica \/ 1 Blu-ray 25 GB \/ 1 Estoig Blu-ray v\u00eddeo[\/vc_message][\/vc_column][vc_column width=&#8221;1\/6&#8243;][\/vc_column][\/vc_row][vc_row css=&#8221;.vc_custom_1460995286503{padding-top: 30px !important;}&#8221;][vc_column]\n<div class=\"wpcf7 no-js\" id=\"wpcf7-f6316-o3\" lang=\"fr-FR\" dir=\"ltr\" data-wpcf7-id=\"6316\">\n<div class=\"screen-reader-response\"><p role=\"status\" aria-live=\"polite\" aria-atomic=\"true\"><\/p> <ul><\/ul><\/div>\n<form action=\"\/ca\/wp-json\/wp\/v2\/pages\/6704#wpcf7-f6316-o3\" method=\"post\" class=\"wpcf7-form init\" aria-label=\"Formulaire de contact\" novalidate=\"novalidate\" data-status=\"init\">\n<fieldset class=\"hidden-fields-container\"><input type=\"hidden\" name=\"_wpcf7\" value=\"6316\" \/><input type=\"hidden\" name=\"_wpcf7_version\" value=\"6.1.5\" \/><input type=\"hidden\" name=\"_wpcf7_locale\" value=\"fr_FR\" \/><input type=\"hidden\" name=\"_wpcf7_unit_tag\" value=\"wpcf7-f6316-o3\" \/><input type=\"hidden\" name=\"_wpcf7_container_post\" value=\"0\" \/><input type=\"hidden\" name=\"_wpcf7_posted_data_hash\" value=\"\" \/>\n<\/fieldset>\n<p>Cognom (obligatori)\n<\/p>\n<p><span class=\"wpcf7-form-control-wrap\" data-name=\"your-name\"><input size=\"40\" maxlength=\"400\" class=\"wpcf7-form-control wpcf7-text wpcf7-validates-as-required\" aria-required=\"true\" aria-invalid=\"false\" value=\"\" type=\"text\" name=\"your-name\" \/><\/span>\n<\/p>\n<p>Mail (obligatori)\n<\/p>\n<p><span class=\"wpcf7-form-control-wrap\" data-name=\"your-email\"><input size=\"40\" maxlength=\"400\" class=\"wpcf7-form-control wpcf7-email wpcf7-validates-as-required wpcf7-text wpcf7-validates-as-email\" aria-required=\"true\" aria-invalid=\"false\" value=\"\" type=\"email\" name=\"your-email\" \/><\/span>\n<\/p>\n<p>Tema\n<\/p>\n<p><span class=\"wpcf7-form-control-wrap\" data-name=\"your-subject\"><input size=\"40\" maxlength=\"400\" class=\"wpcf7-form-control wpcf7-text\" aria-invalid=\"false\" value=\"\" type=\"text\" name=\"your-subject\" \/><\/span>\n<\/p>\n<p>Missatge\n<\/p>\n<p><span class=\"wpcf7-form-control-wrap\" data-name=\"your-message\"><textarea cols=\"40\" rows=\"10\" maxlength=\"2000\" class=\"wpcf7-form-control wpcf7-textarea\" aria-invalid=\"false\" name=\"your-message\"><\/textarea><\/span>\n<\/p>\n<div id=\"mosparo-box-69fb26ac50087\"><\/div>\n            <script>\n                \n            if (typeof mosparoInstances === \"undefined\") {\n                var mosparoInstances = [];\n            }\n            \n            (function () {\n                let scriptEl = null;\n                if (typeof mosparo === \"undefined\") {\n                    scriptEl = document.createElement(\"script\");\n                    scriptEl.setAttribute(\"src\", \"https:\/\/mosparo.mediastack.fr\/build\/mosparo-frontend.js\");\n                    document.body.appendChild(scriptEl);\n                }\n                \n                let initializeMosparo = function (ev) {\n                    let id = \"mosparo-box-69fb26ac50087\";\n                    if (typeof mosparoInstances[id] !== \"undefined\") {\n                        return;\n                    }\n                    \n                    let mosparoFieldEl = document.getElementById(id);\n                    if (!mosparoFieldEl) {\n                        return;\n                    }\n                    \n                    let formEl = null;\n                    let el = mosparoFieldEl;\n                    while ((el = el.parentNode) && el !== document) {\n                        if (el.matches(\"form\")) {\n                            formEl = el;\n                            break;\n                        }\n                    }\n                \n                    let options = {\"loadCssResource\":true,\"cssResourceUrl\":\"https:\\\/\\\/mosparo.mediastack.fr\\\/resources\\\/7a3d721e-c71e-4f0a-9c5b-e8b3dbca032f\\\/fed262a05f1c65fc3aa7b90f42f5377ba92073f4c1405d209da1f9bd7320cbba.css\"};\n                    let resetMosparoField = function () {\n                        if (!mosparoInstances[id]) {\n                            return;\n                        }\n                        \n                        mosparoInstances[id].resetState();\n                        mosparoInstances[id].requestSubmitToken();\n                    };\n                    \n                    \n                    let wpcf7FormEl = null;\n                    let parentEl = mosparoFieldEl;\n                    while ((parentEl = parentEl.parentNode) && parentEl !== document) {\n                        if (parentEl.matches(\".wpcf7-form\")) {\n                            wpcf7FormEl = parentEl;\n                            break;\n                        }\n                    }\n                    \n                    if (typeof wpcf7 !== \"undefined\" && wpcf7FormEl !== null) {\n                        options.onSwitchToInvisible = function () {\n                            wpcf7.blocked = true;\n                            wpcf7FormEl.classList.add(\"wpcf7__mosparo__invisible\");\n                        };\n                        options.onCheckForm = function (result) {\n                            if (result && mosparoInstances[id].invisible) {\n                                wpcf7.blocked = false;\n                            }\n                        };\n                        \n                        if (typeof wpcf7.cached !== \"undefined\" && wpcf7.cached) {\n                            options.requestSubmitTokenOnInit = false;\n                        }\n                        \n                        wpcf7FormEl.addEventListener(\"wpcf7invalid\", function () {\n                            if (mosparoInstances[id].invisible) {\n                                wpcf7.blocked = true;\n                            }\n                            \n                            resetMosparoField();\n                        });\n                        \n                        wpcf7FormEl.addEventListener(\"wpcf7spam\", function () {\n                            if (mosparoInstances[id].invisible) {\n                                wpcf7.blocked = true;\n                            }\n                                \n                            resetMosparoField();\n                        });\n                        \n                        \/\/ Add the required logic for other wpcf7 forms without mosparo in it.\n                        document.querySelectorAll(\".wpcf7-form\").forEach(function (form) {\n                            form.addEventListener(\"submit\", function () {\n                                if (wpcf7.blocked && form.querySelectorAll(\".mosparo__container\").length === 0) {\n                                    \/\/ If this form does not contain a mosparo field, unblock the form and submit it again.\n                                    wpcf7.blocked = false; \n                                    \n                                    if (form.querySelector(\".wpcf7-submit\")) {\n                                        form.querySelector(\".wpcf7-submit\").click();\n                                    } else {\n                                        form.submit();\n                                    }\n                                }\n                            });\n                            form.addEventListener(\"wpcf7submit\", function () {\n                                if (document.querySelectorAll(\".wpcf7__mosparo__invisible\").length > 0) {\n                                    \/\/ If we have at least one form with the invisible mosparo mode, we need to block it again.\n                                    wpcf7.blocked = true;\n                                }\n                            });\n                        });\n                    }\n                \n                    \n                    mosparoInstances[id] = new mosparo(id, \"https:\/\/mosparo.mediastack.fr\", \"7a3d721e-c71e-4f0a-9c5b-e8b3dbca032f\", \"1qZWLrAmeVMLi1Pv-ScTEoRF4PUTTsfzmFcgYr_SZAM\", options);\n                };\n                \n                if (scriptEl !== null) {\n                    scriptEl.addEventListener(\"load\", function () {\n                        initializeMosparo();\n                    });\n                } else if (document.readyState !== \"loading\") {\n                    initializeMosparo();\n                } else {\n                    document.addEventListener(\"DOMContentLoaded\", initializeMosparo);\n                }\n                document.addEventListener(\"mosparo_integration_initialize_fields\", initializeMosparo);\n                \n                \n            })();\n            <\/script>\n<\/p>\n<p><input class=\"wpcf7-form-control wpcf7-submit has-spinner\" type=\"submit\" value=\"Enviar\" \/>\n<\/p><div class=\"wpcf7-response-output\" aria-hidden=\"true\"><\/div>\n<\/form>\n<\/div>\n[\/vc_column][\/vc_row]<\/p>","protected":false},"excerpt":{"rendered":"<p>[vc_row bg_parallax=&#8221;true&#8221; css=&#8221;.vc_custom_1461407412963{padding-top: 70px !important;padding-bottom: 70px !important;background-image: url(http:\/\/www.cameraservices.fr\/wp-content\/uploads\/2016\/03\/K7-VHS-MINI-DV-HI-8-VHS-C-BETACAM-BETAMAX-SP.jpg?id=6418) !important;}&#8221;][vc_column][vc_column_text] TRANSFER\u00c8NCIES DE CINTES DE V\u00cdDEO : Formats Dom\u00e8stics [\/vc_column_text][\/vc_column][\/vc_row][vc_row][vc_column][vc_column_text css=&#8221;.vc_custom_1482946816656{padding-top: 20px !important;padding-bottom: 20px !important;}&#8221;] Trobes a faltar els teus records ? Desitges poder revisar-los i compartir-los ? La teva c\u00e0mera o reproductor de v\u00eddeo ja no donen l&#8217;abast, Confia&#8217;ns els teus cassets i suports de v\u00eddeo i donarem noves vides a les teves imatges ! [\/vc_column_text][\/vc_column][\/vc_row][vc_row bg_parallax=&#8221;true&#8221; css=&#8221;.vc_custom_1465244556625{padding-top: 15px !important;padding-bottom: 15px !important;background-image: url(http:\/\/www.cameraservices.fr\/wp-content\/uploads\/2016\/03\/K7-VHS-MINI-DV-HI-8-VHS-C-BETACAM-BETAMAX-SP.jpg?id=6418) !important;}&#8221;][vc_column][vc_column_text] IDENTIFICA LES TEVES CINTES [\/vc_column_text][\/vc_column][\/vc_row][vc_row css=&#8221;.vc_custom_1465245615108{padding-top: 20px !important;padding-bottom: 20px !important;}&#8221;][vc_column][vc_single_image image=&#8221;6830&#8243; img_size=&#8221;full&#8221; alignment=&#8221;center&#8221; css=&#8221;.vc_custom_1465338313481{padding-top: 20px !important;padding-bottom: 20px !important;}&#8221;][\/vc_column][\/vc_row][vc_row bg_parallax=&#8221;true&#8221; css=&#8221;.vc_custom_1460986341193{padding-top: px !important;padding-bottom: px !important;background-image: url(http:\/\/www.cameraservices.fr\/wp-content\/uploads\/2016\/03\/K7-VHS-MINI-DV-HI-8-VHS-C-BETACAM-BETAMAX-SP.jpg?id=6418) !important;}&#8221;][vc_column][vc_column_text css=&#8221;.vc_custom_1485259168625{padding-top: 10px !important;padding-bottom: 10px !important;}&#8221;] DIGITALITZA LES TEVES CINTES VHS \/ VHS-C \/ S-VHS \/ Vid\u00e9o8 \/ Hi-8 \/ Digital8 \/ MiniDV \/ HDV \/ V2000 \/ Betamax FES UN CANVI DE FORMAT DELS TEUS SUPORTS DIGITALS DVD \/ Mini DVD \/ Blu-ray \/ Llapis de mem\u00f2ria\u00a0\/ Targetes\u00a0P2 \/ SD \/ CF \/ Memory Stick \u2026 [\/vc_column_text][\/vc_column][\/vc_row][vc_row css=&#8221;.vc_custom_1460986167847{padding-top: 30px !important;padding-bottom: 30px !important;}&#8221;][vc_column][vc_column_text] Per m\u00e9s de\u00a0600 minuts digitalitzats\u00a0descompte comercial aplicable \/ consulta&#8217;ns\u00a0\u2026 [\/vc_column_text][\/vc_column][\/vc_row][vc_row][vc_column][vc_column_text] Entrega possible amb Llapis de mem\u00f2ria, Targeta, Disc dur o altres suports : consulta&#8217;ns &#8230; [\/vc_column_text][\/vc_column][\/vc_row][vc_row][vc_column width=&#8221;5\/6&#8243;][vc_message message_box_style=&#8221;3d&#8221; message_box_color=&#8221;grey&#8221; icon_type=&#8221;typicons&#8221; icon_typicons=&#8221;typcn typcn-info-outline&#8221;]* Tarifa SD incloent-hi\u00a0: Avaluaci\u00f3 durada dels cassets \/ Optimitzaci\u00f3 espai de qualitat per a DVD \/ 1 Gravaci\u00f3 DVD \u00a0 \u00a0 \u00a0 \u00a0 \u00a0 \u00a0 \u00a0 \u00a0 \u00a0 \u00a0 \u00a0 \u00a0 \u00a0 \u00a0 \u00a0 \u00a0 \u00a0 \u00a0 \u00a0 \u00a0 \u00a0 \u00a0 \u00a0 \u00a0 \u00a0 \u00a0 \u00a0 \u00a0 \u00a0 \u00a0 \u00a0 \u00a0 \u00a0 \u00a0 \u00a0 \u00a0 \u00a0 \u00a0 [&hellip;]<\/p>\n","protected":false},"author":1,"featured_media":0,"parent":0,"menu_order":0,"comment_status":"closed","ping_status":"closed","template":"","meta":{"footnotes":""},"class_list":["post-6704","page","type-page","status-publish","hentry"],"aioseo_notices":[],"_links":{"self":[{"href":"https:\/\/www.cameraservices.fr\/ca\/wp-json\/wp\/v2\/pages\/6704","targetHints":{"allow":["GET"]}}],"collection":[{"href":"https:\/\/www.cameraservices.fr\/ca\/wp-json\/wp\/v2\/pages"}],"about":[{"href":"https:\/\/www.cameraservices.fr\/ca\/wp-json\/wp\/v2\/types\/page"}],"author":[{"embeddable":true,"href":"https:\/\/www.cameraservices.fr\/ca\/wp-json\/wp\/v2\/users\/1"}],"replies":[{"embeddable":true,"href":"https:\/\/www.cameraservices.fr\/ca\/wp-json\/wp\/v2\/comments?post=6704"}],"version-history":[{"count":0,"href":"https:\/\/www.cameraservices.fr\/ca\/wp-json\/wp\/v2\/pages\/6704\/revisions"}],"wp:attachment":[{"href":"https:\/\/www.cameraservices.fr\/ca\/wp-json\/wp\/v2\/media?parent=6704"}],"curies":[{"name":"wp","href":"https:\/\/api.w.org\/{rel}","templated":true}]}}