{"id":6793,"date":"2016-06-02T22:51:05","date_gmt":"2016-06-02T21:51:05","guid":{"rendered":"http:\/\/www.cameraservices.fr\/?page_id=6793"},"modified":"2017-01-11T13:33:13","modified_gmt":"2017-01-11T12:33:13","slug":"transfert-photographiques","status":"publish","type":"page","link":"https:\/\/www.cameraservices.fr\/ca\/transfert-photographiques","title":{"rendered":"TRANSFERT PHOTOGRAPHIQUES"},"content":{"rendered":"<p>[vc_row bg_parallax=&#8221;true&#8221; css=&#8221;.vc_custom_1464904075007{padding-top: 150px !important;padding-bottom: 150px !important;background-image: url(http:\/\/www.cameraservices.fr\/wp-content\/uploads\/2016\/06\/num\u00e9risation-photos-papier-.jpg?id=6796) !important;background-position: center !important;background-repeat: no-repeat !important;background-size: cover !important;}&#8221;][vc_column][vc_column_text]<\/p>\n<h1 style=\"text-align: center;\"><span style=\"color: #ffffff;\"><strong>TRANSFERTS\u00a0DE SUPPORTS\u00a0PHOTOGRAPHIQUES<\/strong><\/span><\/h1>\n<p>[\/vc_column_text][\/vc_column][\/vc_row][vc_row][vc_column][vc_column_text css=&#8221;.vc_custom_1465302987625{padding-top: 50px !important;padding-bottom: 30px !important;}&#8221;]<\/p>\n<h1 style=\"text-align: center;\"><strong><span style=\"color: #333333;\">Digitalisez vos Photos Papier et Archives\u00a0en Haute D\u00e9finition :<\/span><\/strong><\/h1>\n<h4 style=\"text-align: center;\"><span style=\"color: #333333;\">Les photographies\u00a0de famille dorment dans des albums ou votre grenier\u00a0? Vous souhaitez les visionner, pr\u00e9server, retoucher, classer, partager, imprimer ? \u00a0<\/span><\/h4>\n<h4 style=\"text-align: center;\"><span style=\"color: #333333;\">N&#8217;attendez plus pour les faire num\u00e9riser et permettre \u00e0 votre entourage\u00a0de profiter des ces tr\u00e9sors cach\u00e9s !\u00a0<\/span><\/h4>\n<h4 style=\"text-align: center;\"><span style=\"color: #333333;\">Profitez de nos\u00a0derni\u00e8res technologies de digitalisation haute r\u00e9solution\u00a0pour am\u00e9liorer le rendu de vos images<\/span><\/h4>\n<h4 style=\"text-align: center;\"><span style=\"color: #333333;\">D\u00e9poussi\u00e9rage, \u00c9talonnage, Recadrage, R\u00e9parations &#8230;<\/span><\/h4>\n<h4 style=\"text-align: center;\"><span style=\"color: #333333;\">\u00a0<\/span><span style=\"color: #333333;\">Notre mission est simple : Redonner vie \u00e0 tous vos clich\u00e9s<\/span><\/h4>\n<h4 style=\"text-align: center;\"><span style=\"color: #333333;\">Smartphones, Tablettes, Ecrans Plats &#8230; Profitez de vos images sur tous vos supports\u00a0et partagez-les avec vos proches en toute simplicit\u00e9 !<\/span><\/h4>\n<p>[\/vc_column_text][\/vc_column][\/vc_row][vc_row bg_parallax=&#8221;true&#8221; css=&#8221;.vc_custom_1464904081957{padding-top: px !important;padding-bottom: px !important;background-image: url(http:\/\/www.cameraservices.fr\/wp-content\/uploads\/2016\/06\/num\u00e9risation-photos-papier-.jpg?id=6796) !important;background-position: center !important;background-repeat: no-repeat !important;background-size: cover !important;}&#8221;][vc_column][vc_column_text]<\/p>\n<h2 style=\"text-align: center;\"><strong><span style=\"color: #ffffff;\">Tarifs Transferts\u00a0Photographiques<\/span><\/strong><\/h2>\n<p>[\/vc_column_text][\/vc_column][\/vc_row][vc_row css=&#8221;.vc_custom_1464784019565{padding-top: 20px !important;}&#8221;][vc_column][vc_column_text]<\/p>\n<h4 style=\"text-align: center;\"><img loading=\"lazy\" decoding=\"async\" class=\"aligncenter wp-image-6795\" src=\"http:\/\/www.cameraservices.fr\/wp-content\/uploads\/2016\/06\/photo-papier-1024x169.jpg\" alt=\"photo papier\" width=\"960\" height=\"159\" srcset=\"https:\/\/www.cameraservices.fr\/wp-content\/uploads\/2016\/06\/photo-papier-1024x169.jpg 1024w, https:\/\/www.cameraservices.fr\/wp-content\/uploads\/2016\/06\/photo-papier-300x50.jpg 300w, https:\/\/www.cameraservices.fr\/wp-content\/uploads\/2016\/06\/photo-papier-768x127.jpg 768w, https:\/\/www.cameraservices.fr\/wp-content\/uploads\/2016\/06\/photo-papier-1200x198.jpg 1200w\" sizes=\"auto, (max-width: 960px) 100vw, 960px\" \/><\/h4>\n<p style=\"text-align: center;\"><span style=\"color: #808080;\"><em>N\u00e9gatifs ou autre support\u00a0photographique \u00e0 num\u00e9riser : \u00a0Nous consulter<\/em><\/span><\/p>\n<p>[\/vc_column_text][\/vc_column][\/vc_row][vc_row css=&#8221;.vc_custom_1458149597918{padding-top: 20px !important;padding-bottom: 20px !important;}&#8221;][vc_column][vc_btn title=&#8221;Contactez-nous&#8221; style=&#8221;3d&#8221; color=&#8221;inverse&#8221; size=&#8221;lg&#8221; align=&#8221;center&#8221; link=&#8221;url:http%3A%2F%2Fwww.cameraservices.fr%2Fsample-pages%2Fcontact-us||&#8221;][\/vc_column][\/vc_row][vc_row bg_parallax=&#8221;true&#8221; css=&#8221;.vc_custom_1464904088611{padding-top: 150px !important;padding-bottom: 150px !important;background-image: url(http:\/\/www.cameraservices.fr\/wp-content\/uploads\/2016\/06\/num\u00e9risation-photos-papier-.jpg?id=6796) !important;background-position: center !important;background-repeat: no-repeat !important;background-size: cover !important;}&#8221;][vc_column][vc_column_text]<\/p>\n<h1 style=\"text-align: center;\"><\/h1>\n<p>[\/vc_column_text][\/vc_column][\/vc_row][vc_row][vc_column]\n<div class=\"wpcf7 no-js\" id=\"wpcf7-f6316-o3\" lang=\"fr-FR\" dir=\"ltr\" data-wpcf7-id=\"6316\">\n<div class=\"screen-reader-response\"><p role=\"status\" aria-live=\"polite\" aria-atomic=\"true\"><\/p> <ul><\/ul><\/div>\n<form action=\"\/ca\/wp-json\/wp\/v2\/pages\/6793#wpcf7-f6316-o3\" method=\"post\" class=\"wpcf7-form init\" aria-label=\"Formulaire de contact\" novalidate=\"novalidate\" data-status=\"init\">\n<fieldset class=\"hidden-fields-container\"><input type=\"hidden\" name=\"_wpcf7\" value=\"6316\" \/><input type=\"hidden\" name=\"_wpcf7_version\" value=\"6.1.5\" \/><input type=\"hidden\" name=\"_wpcf7_locale\" value=\"fr_FR\" \/><input type=\"hidden\" name=\"_wpcf7_unit_tag\" value=\"wpcf7-f6316-o3\" \/><input type=\"hidden\" name=\"_wpcf7_container_post\" value=\"0\" \/><input type=\"hidden\" name=\"_wpcf7_posted_data_hash\" value=\"\" \/>\n<\/fieldset>\n<p>Cognom (obligatori)\n<\/p>\n<p><span class=\"wpcf7-form-control-wrap\" data-name=\"your-name\"><input size=\"40\" maxlength=\"400\" class=\"wpcf7-form-control wpcf7-text wpcf7-validates-as-required\" aria-required=\"true\" aria-invalid=\"false\" value=\"\" type=\"text\" name=\"your-name\" \/><\/span>\n<\/p>\n<p>Mail (obligatori)\n<\/p>\n<p><span class=\"wpcf7-form-control-wrap\" data-name=\"your-email\"><input size=\"40\" maxlength=\"400\" class=\"wpcf7-form-control wpcf7-email wpcf7-validates-as-required wpcf7-text wpcf7-validates-as-email\" aria-required=\"true\" aria-invalid=\"false\" value=\"\" type=\"email\" name=\"your-email\" \/><\/span>\n<\/p>\n<p>Tema\n<\/p>\n<p><span class=\"wpcf7-form-control-wrap\" data-name=\"your-subject\"><input size=\"40\" maxlength=\"400\" class=\"wpcf7-form-control wpcf7-text\" aria-invalid=\"false\" value=\"\" type=\"text\" name=\"your-subject\" \/><\/span>\n<\/p>\n<p>Missatge\n<\/p>\n<p><span class=\"wpcf7-form-control-wrap\" data-name=\"your-message\"><textarea cols=\"40\" rows=\"10\" maxlength=\"2000\" class=\"wpcf7-form-control wpcf7-textarea\" aria-invalid=\"false\" name=\"your-message\"><\/textarea><\/span>\n<\/p>\n<div id=\"mosparo-box-69fb268e7dc12\"><\/div>\n            <script>\n                \n            if (typeof mosparoInstances === \"undefined\") {\n                var mosparoInstances = [];\n            }\n            \n            (function () {\n                let scriptEl = null;\n                if (typeof mosparo === \"undefined\") {\n                    scriptEl = document.createElement(\"script\");\n                    scriptEl.setAttribute(\"src\", \"https:\/\/mosparo.mediastack.fr\/build\/mosparo-frontend.js\");\n                    document.body.appendChild(scriptEl);\n                }\n                \n                let initializeMosparo = function (ev) {\n                    let id = \"mosparo-box-69fb268e7dc12\";\n                    if (typeof mosparoInstances[id] !== \"undefined\") {\n                        return;\n                    }\n                    \n                    let mosparoFieldEl = document.getElementById(id);\n                    if (!mosparoFieldEl) {\n                        return;\n                    }\n                    \n                    let formEl = null;\n                    let el = mosparoFieldEl;\n                    while ((el = el.parentNode) && el !== document) {\n                        if (el.matches(\"form\")) {\n                            formEl = el;\n                            break;\n                        }\n                    }\n                \n                    let options = {\"loadCssResource\":true,\"cssResourceUrl\":\"https:\\\/\\\/mosparo.mediastack.fr\\\/resources\\\/7a3d721e-c71e-4f0a-9c5b-e8b3dbca032f\\\/fed262a05f1c65fc3aa7b90f42f5377ba92073f4c1405d209da1f9bd7320cbba.css\"};\n                    let resetMosparoField = function () {\n                        if (!mosparoInstances[id]) {\n                            return;\n                        }\n                        \n                        mosparoInstances[id].resetState();\n                        mosparoInstances[id].requestSubmitToken();\n                    };\n                    \n                    \n                    let wpcf7FormEl = null;\n                    let parentEl = mosparoFieldEl;\n                    while ((parentEl = parentEl.parentNode) && parentEl !== document) {\n                        if (parentEl.matches(\".wpcf7-form\")) {\n                            wpcf7FormEl = parentEl;\n                            break;\n                        }\n                    }\n                    \n                    if (typeof wpcf7 !== \"undefined\" && wpcf7FormEl !== null) {\n                        options.onSwitchToInvisible = function () {\n                            wpcf7.blocked = true;\n                            wpcf7FormEl.classList.add(\"wpcf7__mosparo__invisible\");\n                        };\n                        options.onCheckForm = function (result) {\n                            if (result && mosparoInstances[id].invisible) {\n                                wpcf7.blocked = false;\n                            }\n                        };\n                        \n                        if (typeof wpcf7.cached !== \"undefined\" && wpcf7.cached) {\n                            options.requestSubmitTokenOnInit = false;\n                        }\n                        \n                        wpcf7FormEl.addEventListener(\"wpcf7invalid\", function () {\n                            if (mosparoInstances[id].invisible) {\n                                wpcf7.blocked = true;\n                            }\n                            \n                            resetMosparoField();\n                        });\n                        \n                        wpcf7FormEl.addEventListener(\"wpcf7spam\", function () {\n                            if (mosparoInstances[id].invisible) {\n                                wpcf7.blocked = true;\n                            }\n                                \n                            resetMosparoField();\n                        });\n                        \n                        \/\/ Add the required logic for other wpcf7 forms without mosparo in it.\n                        document.querySelectorAll(\".wpcf7-form\").forEach(function (form) {\n                            form.addEventListener(\"submit\", function () {\n                                if (wpcf7.blocked && form.querySelectorAll(\".mosparo__container\").length === 0) {\n                                    \/\/ If this form does not contain a mosparo field, unblock the form and submit it again.\n                                    wpcf7.blocked = false; \n                                    \n                                    if (form.querySelector(\".wpcf7-submit\")) {\n                                        form.querySelector(\".wpcf7-submit\").click();\n                                    } else {\n                                        form.submit();\n                                    }\n                                }\n                            });\n                            form.addEventListener(\"wpcf7submit\", function () {\n                                if (document.querySelectorAll(\".wpcf7__mosparo__invisible\").length > 0) {\n                                    \/\/ If we have at least one form with the invisible mosparo mode, we need to block it again.\n                                    wpcf7.blocked = true;\n                                }\n                            });\n                        });\n                    }\n                \n                    \n                    mosparoInstances[id] = new mosparo(id, \"https:\/\/mosparo.mediastack.fr\", \"7a3d721e-c71e-4f0a-9c5b-e8b3dbca032f\", \"1qZWLrAmeVMLi1Pv-ScTEoRF4PUTTsfzmFcgYr_SZAM\", options);\n                };\n                \n                if (scriptEl !== null) {\n                    scriptEl.addEventListener(\"load\", function () {\n                        initializeMosparo();\n                    });\n                } else if (document.readyState !== \"loading\") {\n                    initializeMosparo();\n                } else {\n                    document.addEventListener(\"DOMContentLoaded\", initializeMosparo);\n                }\n                document.addEventListener(\"mosparo_integration_initialize_fields\", initializeMosparo);\n                \n                \n            })();\n            <\/script>\n<\/p>\n<p><input class=\"wpcf7-form-control wpcf7-submit has-spinner\" type=\"submit\" value=\"Enviar\" \/>\n<\/p><div class=\"wpcf7-response-output\" aria-hidden=\"true\"><\/div>\n<\/form>\n<\/div>\n[\/vc_column][\/vc_row]<\/p>","protected":false},"excerpt":{"rendered":"<p>[vc_row bg_parallax=&#8221;true&#8221; css=&#8221;.vc_custom_1464904075007{padding-top: 150px !important;padding-bottom: 150px !important;background-image: url(http:\/\/www.cameraservices.fr\/wp-content\/uploads\/2016\/06\/num\u00e9risation-photos-papier-.jpg?id=6796) !important;background-position: center !important;background-repeat: no-repeat !important;background-size: cover !important;}&#8221;][vc_column][vc_column_text] TRANSFERTS\u00a0DE SUPPORTS\u00a0PHOTOGRAPHIQUES [\/vc_column_text][\/vc_column][\/vc_row][vc_row][vc_column][vc_column_text css=&#8221;.vc_custom_1465302987625{padding-top: 50px !important;padding-bottom: 30px !important;}&#8221;] Digitalisez vos Photos Papier et Archives\u00a0en Haute D\u00e9finition : Les photographies\u00a0de famille dorment dans des albums ou votre grenier\u00a0? Vous souhaitez les visionner, pr\u00e9server, retoucher, classer, partager, imprimer ? \u00a0 N&#8217;attendez plus pour les faire num\u00e9riser et permettre \u00e0 votre entourage\u00a0de profiter des ces tr\u00e9sors cach\u00e9s !\u00a0 Profitez de nos\u00a0derni\u00e8res technologies de digitalisation haute r\u00e9solution\u00a0pour am\u00e9liorer le rendu de vos images D\u00e9poussi\u00e9rage, \u00c9talonnage, Recadrage, R\u00e9parations &#8230; \u00a0Notre mission est simple : Redonner vie \u00e0 tous vos clich\u00e9s Smartphones, Tablettes, Ecrans Plats &#8230; Profitez de vos images sur tous vos supports\u00a0et partagez-les avec vos proches en toute simplicit\u00e9 ! [\/vc_column_text][\/vc_column][\/vc_row][vc_row bg_parallax=&#8221;true&#8221; css=&#8221;.vc_custom_1464904081957{padding-top: px !important;padding-bottom: px !important;background-image: url(http:\/\/www.cameraservices.fr\/wp-content\/uploads\/2016\/06\/num\u00e9risation-photos-papier-.jpg?id=6796) !important;background-position: center !important;background-repeat: no-repeat !important;background-size: cover !important;}&#8221;][vc_column][vc_column_text] Tarifs Transferts\u00a0Photographiques [\/vc_column_text][\/vc_column][\/vc_row][vc_row css=&#8221;.vc_custom_1464784019565{padding-top: 20px !important;}&#8221;][vc_column][vc_column_text] N\u00e9gatifs ou autre support\u00a0photographique \u00e0 num\u00e9riser : \u00a0Nous consulter [\/vc_column_text][\/vc_column][\/vc_row][vc_row css=&#8221;.vc_custom_1458149597918{padding-top: 20px !important;padding-bottom: 20px !important;}&#8221;][vc_column][vc_btn title=&#8221;Contactez-nous&#8221; style=&#8221;3d&#8221; color=&#8221;inverse&#8221; size=&#8221;lg&#8221; align=&#8221;center&#8221; link=&#8221;url:http%3A%2F%2Fwww.cameraservices.fr%2Fsample-pages%2Fcontact-us||&#8221;][\/vc_column][\/vc_row][vc_row bg_parallax=&#8221;true&#8221; css=&#8221;.vc_custom_1464904088611{padding-top: 150px !important;padding-bottom: 150px !important;background-image: url(http:\/\/www.cameraservices.fr\/wp-content\/uploads\/2016\/06\/num\u00e9risation-photos-papier-.jpg?id=6796) !important;background-position: center !important;background-repeat: no-repeat !important;background-size: cover !important;}&#8221;][vc_column][vc_column_text] [\/vc_column_text][\/vc_column][\/vc_row][vc_row][vc_column][\/vc_column][\/vc_row]<\/p>\n","protected":false},"author":1,"featured_media":0,"parent":0,"menu_order":0,"comment_status":"closed","ping_status":"closed","template":"","meta":{"footnotes":""},"class_list":["post-6793","page","type-page","status-publish","hentry"],"aioseo_notices":[],"_links":{"self":[{"href":"https:\/\/www.cameraservices.fr\/ca\/wp-json\/wp\/v2\/pages\/6793","targetHints":{"allow":["GET"]}}],"collection":[{"href":"https:\/\/www.cameraservices.fr\/ca\/wp-json\/wp\/v2\/pages"}],"about":[{"href":"https:\/\/www.cameraservices.fr\/ca\/wp-json\/wp\/v2\/types\/page"}],"author":[{"embeddable":true,"href":"https:\/\/www.cameraservices.fr\/ca\/wp-json\/wp\/v2\/users\/1"}],"replies":[{"embeddable":true,"href":"https:\/\/www.cameraservices.fr\/ca\/wp-json\/wp\/v2\/comments?post=6793"}],"version-history":[{"count":0,"href":"https:\/\/www.cameraservices.fr\/ca\/wp-json\/wp\/v2\/pages\/6793\/revisions"}],"wp:attachment":[{"href":"https:\/\/www.cameraservices.fr\/ca\/wp-json\/wp\/v2\/media?parent=6793"}],"curies":[{"name":"wp","href":"https:\/\/api.w.org\/{rel}","templated":true}]}}